{"id":37,"date":"2022-03-18T13:22:43","date_gmt":"2022-03-18T04:22:43","guid":{"rendered":"https:\/\/oiea.jp\/vn\/wp\/?page_id=37"},"modified":"2026-02-06T11:17:16","modified_gmt":"2026-02-06T02:17:16","slug":"sister_city","status":"publish","type":"page","link":"https:\/\/oiea.jp\/vn\/sister_city\/","title":{"rendered":"Th\u00e0nh ph\u1ed1 k\u1ebft ngh\u0129a"},"content":{"rendered":"<div class=\"wp-block-image\">\n<figure class=\"aligncenter\"><img decoding=\"async\" src=\"https:\/\/oiea.jp\/vn\/wp\/wp-content\/uploads\/2022\/10\/okayadori.jpg\" alt=\"\"\/><\/figure><\/div>\n\n\n<div class=\"wp-block-vk-blocks-spacer vk_spacer\"><div class=\"vk_spacer-display-pc\" style=\"height:2rem\"><\/div><div class=\"vk_spacer-display-tablet\" style=\"height:2rem\"><\/div><div class=\"vk_spacer-display-mobile\" style=\"height:2rem\"><\/div><\/div>\n\n\n\n<h2 class=\"wp-block-heading is-style-vk-heading-solid_bottomborder_black\">Th\u00e0nh ph\u1ed1 Mount Pleasant, Michigan, M\u1ef9<\/h2>\n\n\n\n<p>Th\u00e0nh ph\u1ed1 Mount Pleasant \u2013 m\u1ed9t n\u01a1i xinh \u0111\u1eb9p v\u1edbi thi\u00ean nhi\u00ean phong ph\u00fa \u2013 l\u00e0 n\u01a1i t\u1ecda l\u1ea1c c\u1ee7a \u0110\u1ea1i h\u1ecdc Central Michigan<br>Vi\u1ec7c trao \u0111\u1ed5i th\u01b0 t\u1eeb gi\u1eefa hai n\u1eef sinh trung h\u1ecdc \u0111\u00e3 tr\u1edf th\u00e0nh c\u01a1 duy\u00ean d\u1eabn \u0111\u1ebfn m\u1ed1i quan h\u1ec7 k\u1ebft ngh\u0129a v\u00e0o n\u0103m 1965. \u0110\u1ebfn n\u0103m 2015, th\u00e0nh ph\u1ed1 Okaya v\u00e0 th\u00e0nh ph\u1ed1 Mount Pleasant \u0111\u00e3 k\u1ef7 ni\u1ec7m 50 n\u0103m thi\u1ebft l\u1eadp quan h\u1ec7 th\u00e0nh ph\u1ed1 k\u1ebft ngh\u0129a.<\/p>\n\n\n\n<div class=\"wp-block-vk-blocks-spacer vk_spacer\"><div class=\"vk_spacer-display-pc\" style=\"height:2rem\"><\/div><div class=\"vk_spacer-display-tablet\" style=\"height:2rem\"><\/div><div class=\"vk_spacer-display-mobile\" style=\"height:2rem\"><\/div><\/div>\n","protected":false},"excerpt":{"rendered":"<p>Th\u00e0nh ph\u1ed1 Mount Pleasant, Michigan, M\u1ef9 Th\u00e0nh ph\u1ed1 Mount ... <a href=\"https:\/\/oiea.jp\/vn\/sister_city\/\">\u0110\u1ecdc ti\u1ebfp<\/a><\/p>\n","protected":false},"author":4,"featured_media":934,"parent":0,"menu_order":8,"comment_status":"closed","ping_status":"closed","template":"","meta":{"_coblocks_attr":"","_coblocks_dimensions":"","_coblocks_responsive_height":"","_coblocks_accordion_ie_support":"","ub_ctt_via":"","footnotes":""},"featured_image_src":"https:\/\/oiea.jp\/vn\/wp\/wp-content\/uploads\/2022\/10\/okayadori.jpg","_links":{"self":[{"href":"https:\/\/oiea.jp\/vn\/wp-json\/wp\/v2\/pages\/37"}],"collection":[{"href":"https:\/\/oiea.jp\/vn\/wp-json\/wp\/v2\/pages"}],"about":[{"href":"https:\/\/oiea.jp\/vn\/wp-json\/wp\/v2\/types\/page"}],"author":[{"embeddable":true,"href":"https:\/\/oiea.jp\/vn\/wp-json\/wp\/v2\/users\/4"}],"replies":[{"embeddable":true,"href":"https:\/\/oiea.jp\/vn\/wp-json\/wp\/v2\/comments?post=37"}],"version-history":[{"count":13,"href":"https:\/\/oiea.jp\/vn\/wp-json\/wp\/v2\/pages\/37\/revisions"}],"predecessor-version":[{"id":1641,"href":"https:\/\/oiea.jp\/vn\/wp-json\/wp\/v2\/pages\/37\/revisions\/1641"}],"wp:featuredmedia":[{"embeddable":true,"href":"https:\/\/oiea.jp\/vn\/wp-json\/wp\/v2\/media\/934"}],"wp:attachment":[{"href":"https:\/\/oiea.jp\/vn\/wp-json\/wp\/v2\/media?parent=37"}],"curies":[{"name":"wp","href":"https:\/\/api.w.org\/{rel}","templated":true}]}}