{"id":35,"date":"2022-03-18T13:22:07","date_gmt":"2022-03-18T04:22:07","guid":{"rendered":"https:\/\/oiea.jp\/vn\/wp\/?page_id=35"},"modified":"2026-04-02T11:25:41","modified_gmt":"2026-04-02T02:25:41","slug":"staff","status":"publish","type":"page","link":"https:\/\/oiea.jp\/vn\/about_center\/staff\/","title":{"rendered":"StaffGi\u1edbi thi\u1ec7u nh\u00e2n vi\u00eanStaff"},"content":{"rendered":"\n<h2 class=\"wp-block-heading\">Nh\u00e2n vi\u00ean<\/h2>\n\n\n\n<h3 class=\"wp-block-heading\">Shirota Mamoru<\/h3>\n\n\n\n<div class=\"wp-block-columns pt-0 is-layout-flex wp-container-core-columns-is-layout-1 wp-block-columns-is-layout-flex\">\n<div class=\"wp-block-column is-vertically-aligned-center is-layout-flow wp-block-column-is-layout-flow\"><div class=\"wp-block-image\">\n<figure class=\"aligncenter size-full is-resized\"><img loading=\"lazy\" decoding=\"async\" width=\"584\" height=\"638\" src=\"https:\/\/oiea.jp\/vn\/wp\/wp-content\/uploads\/2026\/04\/23.jpg\" alt=\"\" class=\"wp-image-1714\" style=\"width:235px\" srcset=\"https:\/\/oiea.jp\/vn\/wp\/wp-content\/uploads\/2026\/04\/23.jpg 584w, https:\/\/oiea.jp\/vn\/wp\/wp-content\/uploads\/2026\/04\/23-275x300.jpg 275w\" sizes=\"(max-width: 584px) 100vw, 584px\" \/><\/figure><\/div><\/div>\n\n\n\n<div class=\"wp-block-column is-vertically-aligned-center is-layout-flow wp-block-column-is-layout-flow\" style=\"flex-basis:75%\">\n<p><strong>Gi\u00e1m \u0111\u1ed1c Trung t\u00e2m<\/strong><\/p>\n\n\n\n<p>T\u00f4i \u0111\u1ea3m nh\u1eadn ch\u1ee9c v\u1ee5 Gi\u00e1m \u0111\u1ed1c Trung t\u00e2m t\u1eeb n\u0103m 2025.V\u1edbi s\u1ef1 \u0111\u1ed3ng h\u00e0nh c\u1ee7a \u0111\u1ed9i ng\u0169 nh\u00e2n vi\u00ean xu\u1ea5t s\u1eafc,t\u00f4i \u0111ang l\u00e0m vi\u1ec7c v\u1edbi ni\u1ec1m vui v\u00e0 nhi\u1ec7t huy\u1ebft.Trong t\u01b0\u01a1ng lai, ch\u00fang t\u00f4i s\u1ebd ti\u1ebfp t\u1ee5c chung s\u1ee9c ph\u1ea5n \u0111\u1ea5u v\u00ec s\u1ef1 ph\u00e1t tri\u1ec3n c\u1ee7a m\u1ed9t x\u00e3 h\u1ed9i \u0111a v\u0103n h\u00f3a h\u00f2a h\u1ee3p v\u00e0 t\u1ed1t \u0111\u1eb9p h\u01a1n.<\/p>\n<\/div>\n<\/div>\n\n\n\n<hr class=\"wp-block-separator has-css-opacity\"\/>\n\n\n\n<div class=\"wp-block-vk-blocks-spacer vk_spacer\"><div class=\"vk_spacer-display-pc\" style=\"height:4rem\"><\/div><div class=\"vk_spacer-display-tablet\" style=\"height:4rem\"><\/div><div class=\"vk_spacer-display-mobile\" style=\"height:4rem\"><\/div><\/div>\n\n\n\n<h3 class=\"wp-block-heading\"><strong>Iida itsuki<\/strong><\/h3>\n\n\n\n<div class=\"wp-block-columns pt-0 is-layout-flex wp-container-core-columns-is-layout-2 wp-block-columns-is-layout-flex\">\n<div class=\"wp-block-column is-vertically-aligned-center is-layout-flow wp-block-column-is-layout-flow\"><div class=\"wp-block-image\">\n<figure class=\"aligncenter size-full is-resized\"><img loading=\"lazy\" decoding=\"async\" width=\"471\" height=\"560\" src=\"https:\/\/oiea.jp\/vn\/wp\/wp-content\/uploads\/2023\/06\/\u98ef\u7530\u3000\u3044\u3064\u304d-20232.jpg\" alt=\"\" class=\"wp-image-1109\" style=\"width:235px;height:279px\" srcset=\"https:\/\/oiea.jp\/vn\/wp\/wp-content\/uploads\/2023\/06\/\u98ef\u7530\u3000\u3044\u3064\u304d-20232.jpg 471w, https:\/\/oiea.jp\/vn\/wp\/wp-content\/uploads\/2023\/06\/\u98ef\u7530\u3000\u3044\u3064\u304d-20232-252x300.jpg 252w\" sizes=\"(max-width: 471px) 100vw, 471px\" \/><\/figure><\/div><\/div>\n\n\n\n<div class=\"wp-block-column is-vertically-aligned-center is-layout-flow wp-block-column-is-layout-flow\" style=\"flex-basis:75%\">\n<p><strong>Tr\u01b0\u1edfng nh\u00f3m<\/strong><\/p>\n\n\n\n<p>T\u00f4i ch\u1ecbu tr\u00e1ch nhi\u1ec7m t\u01b0 v\u1ea5n cu\u1ed9c s\u1ed1ng cho ng\u01b0\u1eddi n\u01b0\u1edbc ngo\u00e0i \u0111ang sinh s\u1ed1ng t\u1ea1i th\u00e0nh ph\u1ed1 Okaya v\u00e0 t\u1ed5 ch\u1ee9c c\u00e1c s\u1ef1 ki\u1ec7n.<br>H\u00e3y c\u00f9ng nhau h\u01b0\u1edbng t\u1edbi m\u1ed9t qu\u00ea h\u01b0\u01a1ng th\u1ee9 hai th\u1eadt vui v\u1ebb v\u00e0 kh\u00f4ng g\u1eb7p b\u1ea5t ti\u1ec7n n\u00e0o cho t\u1ea5t c\u1ea3 m\u1ecdi ng\u01b0\u1eddi.<\/p>\n<\/div>\n<\/div>\n\n\n\n<hr class=\"wp-block-separator has-css-opacity\"\/>\n\n\n\n<div class=\"wp-block-vk-blocks-spacer vk_spacer\"><div class=\"vk_spacer-display-pc\" style=\"height:4rem\"><\/div><div class=\"vk_spacer-display-tablet\" style=\"height:4rem\"><\/div><div class=\"vk_spacer-display-mobile\" style=\"height:4rem\"><\/div><\/div>\n\n\n\n<h3 class=\"wp-block-heading\"><strong>Jared Stanford<\/strong><\/h3>\n\n\n\n<div class=\"wp-block-columns pt-0 is-layout-flex wp-container-core-columns-is-layout-3 wp-block-columns-is-layout-flex\">\n<div class=\"wp-block-column is-vertically-aligned-center is-layout-flow wp-block-column-is-layout-flow\"><div class=\"wp-block-image\">\n<figure class=\"aligncenter size-full\"><img loading=\"lazy\" decoding=\"async\" width=\"409\" height=\"436\" src=\"https:\/\/oiea.jp\/vn\/wp\/wp-content\/uploads\/2024\/04\/Jared.jpg\" alt=\"\" class=\"wp-image-1337\" srcset=\"https:\/\/oiea.jp\/vn\/wp\/wp-content\/uploads\/2024\/04\/Jared.jpg 409w, https:\/\/oiea.jp\/vn\/wp\/wp-content\/uploads\/2024\/04\/Jared-281x300.jpg 281w\" sizes=\"(max-width: 409px) 100vw, 409px\" \/><\/figure><\/div><\/div>\n\n\n\n<div class=\"wp-block-column is-layout-flow wp-block-column-is-layout-flow\" style=\"flex-basis:75%\">\n<p><strong>Chuy\u00ean vi\u00ean giao l\u01b0u qu\u1ed1c t\u1ebf (CIR)<\/strong><\/p>\n\n\n\n<p>Kia ora! Hello! T\u00f4i l\u00e0 Jared, nh\u00e2n vi\u00ean giao l\u01b0u qu\u1ed1c t\u1ebf. T\u00f4i \u0111\u1ebfn t\u1eeb New Zealand v\u00e0 r\u1ea5t nhi\u1ec7t huy\u1ebft v\u1edbi c\u00e1c ho\u1ea1t \u0111\u1ed9ng giao l\u01b0u v\u0103n h\u00f3a.<br>Ch\u00fang t\u00f4i th\u1ef1c hi\u1ec7n nhi\u1ec1u ho\u1ea1t \u0111\u1ed9ng kh\u00e1c nhau nh\u01b0 c\u00e1c s\u1ef1 ki\u1ec7n giao l\u01b0u qu\u1ed1c t\u1ebf, ho\u1ea1t \u0111\u1ed9ng t\u1ea1i c\u00e1c tr\u01b0\u1eddng h\u1ecdc, t\u1ed5 ch\u1ee9c l\u1edbp h\u1ecdc ng\u00f4n ng\u1eef v\u00e0 v\u0103n h\u00f3a, bi\u00ean d\u1ecbch, phi\u00ean d\u1ecbch nh\u1eb1m th\u00fac \u0111\u1ea9y s\u1ef1 hi\u1ec3u bi\u1ebft qu\u1ed1c t\u1ebf v\u00e0 chung s\u1ed1ng \u0111a v\u0103n h\u00f3a gi\u1eefa ng\u01b0\u1eddi d\u00e2n v\u00e0 ng\u01b0\u1eddi n\u01b0\u1edbc ngo\u00e0i \u0111ang sinh s\u1ed1ng t\u1ea1i th\u00e0nh ph\u1ed1 Okaya.<br>Nh\u1eefng ai c\u00f3 nhu c\u1ea7u m\u1eddi CIR h\u1ed7 tr\u1ee3, vui l\u00f2ng \u0111i\u1ec1n v\u00e0o m\u1eabu \u0111\u01a1n y\u00eau c\u1ea7u b\u00ean d\u01b0\u1edbi v\u00e0 g\u1eedi \u0111\u1ebfn Trung t\u00e2m Giao l\u01b0u Qu\u1ed1c t\u1ebf qua fax ho\u1eb7c b\u01b0u \u0111i\u1ec7n<\/p>\n\n\n\n<pre class=\"wp-block-preformatted\" style=\"font-size:15px\">   (<a rel=\"noreferrer noopener\" href=\"https:\/\/oiea.jp\/wp\/wp-content\/uploads\/2022\/03\/\u6d3e\u9063\u4f9d\u983c\u66f8.docx\" target=\"_blank\">\u6d3e\u9063\u4f9d\u983c\u66f8.docx<\/a> \/ <a rel=\"noreferrer noopener\" href=\"https:\/\/oiea.jp\/wp\/wp-content\/uploads\/2022\/03\/\u6d3e\u9063\u4f9d\u983c\u66f8.pdf\" target=\"_blank\">\u6d3e\u9063\u4f9d\u983c\u66f8.pdf<\/a>)<\/pre>\n<\/div>\n<\/div>\n\n\n\n<hr class=\"wp-block-separator has-css-opacity\"\/>\n\n\n\n<div class=\"wp-block-vk-blocks-spacer vk_spacer\"><div class=\"vk_spacer-display-pc\" style=\"height:4rem\"><\/div><div class=\"vk_spacer-display-tablet\" style=\"height:4rem\"><\/div><div class=\"vk_spacer-display-mobile\" style=\"height:4rem\"><\/div><\/div>\n\n\n\n<h3 class=\"wp-block-heading\"><strong>Kawanishi Kenji<\/strong><\/h3>\n\n\n\n<div class=\"wp-block-columns pt-0 is-layout-flex wp-container-core-columns-is-layout-4 wp-block-columns-is-layout-flex\">\n<div class=\"wp-block-column is-vertically-aligned-center is-layout-flow wp-block-column-is-layout-flow\"><div class=\"wp-block-image\">\n<figure class=\"aligncenter size-full is-resized\"><img loading=\"lazy\" decoding=\"async\" width=\"391\" height=\"491\" src=\"https:\/\/oiea.jp\/vn\/wp\/wp-content\/uploads\/2023\/06\/\u5ddd\u897f\u30b1\u30f3\u30b8-2023.jpg\" alt=\"\" class=\"wp-image-1086\" style=\"width:228px;height:285px\" srcset=\"https:\/\/oiea.jp\/vn\/wp\/wp-content\/uploads\/2023\/06\/\u5ddd\u897f\u30b1\u30f3\u30b8-2023.jpg 391w, https:\/\/oiea.jp\/vn\/wp\/wp-content\/uploads\/2023\/06\/\u5ddd\u897f\u30b1\u30f3\u30b8-2023-239x300.jpg 239w\" sizes=\"(max-width: 391px) 100vw, 391px\" \/><\/figure><\/div><\/div>\n\n\n\n<div class=\"wp-block-column is-vertically-aligned-center is-layout-flow wp-block-column-is-layout-flow\" style=\"flex-basis:75%\">\n<p><strong>Nh\u00e2n vi\u00ean h\u1ed7 tr\u1ee3 h\u1ecdc \u0111\u01b0\u1eddng \u2013 ti\u1ebfng B\u1ed3 \u0110\u00e0o Nha<\/strong><\/p>\n\n\n\n<p>T\u00f4i s\u1ebd n\u1ed7 l\u1ef1c \u0111\u00f3ng g\u00f3p v\u00e0o cu\u1ed9c s\u1ed1ng c\u1ee7a ng\u01b0\u1eddi n\u01b0\u1edbc ngo\u00e0i \u0111ang sinh s\u1ed1ng t\u1ea1i th\u00e0nh ph\u1ed1 Okaya v\u1edbi tinh th\u1ea7n chuy\u00ean nghi\u1ec7p kh\u00f4ng th\u1ec3 thi\u1ebfu, kh\u00f4ng \u0111\u1ec3 l\u00f2ng ki\u00eau ng\u1ea1o xu\u1ea5t hi\u1ec7n, lu\u00f4n h\u1ed7 tr\u1ee3 m\u1ed9t c\u00e1ch hi\u1ec7u qu\u1ea3 v\u00e0 th\u00e2n thi\u1ec7n, \u0111\u1ec3 th\u00e0nh ph\u1ed1 n\u00e0y m\u00e3i l\u00e0 n\u01a1i m\u00e0 m\u1ecdi ng\u01b0\u1eddi c\u00f3 th\u1ec3 an t\u00e2m sinh s\u1ed1ng. \u3000<\/p>\n<\/div>\n<\/div>\n\n\n\n<hr class=\"wp-block-separator has-css-opacity\"\/>\n\n\n\n<div class=\"wp-block-vk-blocks-spacer vk_spacer\"><div class=\"vk_spacer-display-pc\" style=\"height:4rem\"><\/div><div class=\"vk_spacer-display-tablet\" style=\"height:4rem\"><\/div><div class=\"vk_spacer-display-mobile\" style=\"height:4rem\"><\/div><\/div>\n\n\n\n<h3 class=\"wp-block-heading\"><strong>Kikuchi Joselyn<\/strong><\/h3>\n\n\n\n<div class=\"wp-block-columns pt-0 is-layout-flex wp-container-core-columns-is-layout-5 wp-block-columns-is-layout-flex\">\n<div class=\"wp-block-column is-vertically-aligned-center is-layout-flow wp-block-column-is-layout-flow\"><div class=\"wp-block-image\">\n<figure class=\"aligncenter size-full is-resized\"><img loading=\"lazy\" decoding=\"async\" width=\"477\" height=\"544\" src=\"https:\/\/oiea.jp\/vn\/wp\/wp-content\/uploads\/2023\/06\/\u83ca\u6c60\u3000\u30b8\u30e7\u30bb\u30ea\u30f3-2023.jpg\" alt=\"\" class=\"wp-image-1088\" style=\"width:232px;height:264px\" srcset=\"https:\/\/oiea.jp\/vn\/wp\/wp-content\/uploads\/2023\/06\/\u83ca\u6c60\u3000\u30b8\u30e7\u30bb\u30ea\u30f3-2023.jpg 477w, https:\/\/oiea.jp\/vn\/wp\/wp-content\/uploads\/2023\/06\/\u83ca\u6c60\u3000\u30b8\u30e7\u30bb\u30ea\u30f3-2023-263x300.jpg 263w\" sizes=\"(max-width: 477px) 100vw, 477px\" \/><\/figure><\/div><\/div>\n\n\n\n<div class=\"wp-block-column is-vertically-aligned-center is-layout-flow wp-block-column-is-layout-flow\" style=\"flex-basis:75%\">\n<p><strong>Nh\u00e2n vi\u00ean h\u1ed7 tr\u1ee3 h\u1ecdc \u0111\u01b0\u1eddng \u2013 ti\u1ebfng Tagalog<\/strong><\/p>\n\n\n\n<p>T\u00f4i l\u00e0 Kikuchi, nh\u00e2n vi\u00ean h\u1ed7 tr\u1ee3 h\u1ecdc \u0111\u01b0\u1eddng. Khi sinh ho\u1ea1t c\u00f9ng nh\u1eefng \u0111\u1ee9a tr\u1ebb \u0111\u00e1ng y\u00eau, t\u00f4i r\u1ea5t x\u00fac \u0111\u1ed9ng v\u00ec c\u00e1c em kh\u00f4ng ch\u1ec9 c\u1ed1 g\u1eafng h\u1ecdc h\u1ecfi ch\u0103m ch\u1ec9 m\u00e0 c\u00f2n d\u1ea7n tr\u01b0\u1edfng th\u00e0nh trong cu\u1ed9c s\u1ed1ng h\u1ecdc \u0111\u01b0\u1eddng, m\u1eb7c d\u00f9 ph\u1ea3i \u0111\u1ed1i m\u1eb7t v\u1edbi s\u1ef1 kh\u00e1c bi\u1ec7t kh\u00f4ng ch\u1ec9 v\u1ec1 ng\u00f4n ng\u1eef m\u00e0 c\u1ea3 v\u0103n h\u00f3a so v\u1edbi qu\u00ea h\u01b0\u01a1ng.<\/p>\n<\/div>\n<\/div>\n\n\n\n<hr class=\"wp-block-separator has-css-opacity\"\/>\n\n\n\n<div class=\"wp-block-vk-blocks-spacer vk_spacer\"><div class=\"vk_spacer-display-pc\" style=\"height:4rem\"><\/div><div class=\"vk_spacer-display-tablet\" style=\"height:4rem\"><\/div><div class=\"vk_spacer-display-mobile\" style=\"height:4rem\"><\/div><\/div>\n","protected":false},"excerpt":{"rendered":"<p>\u3000<\/p>\n","protected":false},"author":4,"featured_media":1085,"parent":530,"menu_order":3,"comment_status":"closed","ping_status":"closed","template":"","meta":{"_coblocks_attr":"","_coblocks_dimensions":"","_coblocks_responsive_height":"","_coblocks_accordion_ie_support":"","ub_ctt_via":"","footnotes":""},"featured_image_src":"https:\/\/oiea.jp\/vn\/wp\/wp-content\/uploads\/2023\/06\/\u98ef\u7530\u3000\u3044\u3064\u304d-2023.jpg","_links":{"self":[{"href":"https:\/\/oiea.jp\/vn\/wp-json\/wp\/v2\/pages\/35"}],"collection":[{"href":"https:\/\/oiea.jp\/vn\/wp-json\/wp\/v2\/pages"}],"about":[{"href":"https:\/\/oiea.jp\/vn\/wp-json\/wp\/v2\/types\/page"}],"author":[{"embeddable":true,"href":"https:\/\/oiea.jp\/vn\/wp-json\/wp\/v2\/users\/4"}],"replies":[{"embeddable":true,"href":"https:\/\/oiea.jp\/vn\/wp-json\/wp\/v2\/comments?post=35"}],"version-history":[{"count":56,"href":"https:\/\/oiea.jp\/vn\/wp-json\/wp\/v2\/pages\/35\/revisions"}],"predecessor-version":[{"id":1715,"href":"https:\/\/oiea.jp\/vn\/wp-json\/wp\/v2\/pages\/35\/revisions\/1715"}],"up":[{"embeddable":true,"href":"https:\/\/oiea.jp\/vn\/wp-json\/wp\/v2\/pages\/530"}],"wp:featuredmedia":[{"embeddable":true,"href":"https:\/\/oiea.jp\/vn\/wp-json\/wp\/v2\/media\/1085"}],"wp:attachment":[{"href":"https:\/\/oiea.jp\/vn\/wp-json\/wp\/v2\/media?parent=35"}],"curies":[{"name":"wp","href":"https:\/\/api.w.org\/{rel}","templated":true}]}}