{"id":31,"date":"2022-03-18T13:20:06","date_gmt":"2022-03-18T04:20:06","guid":{"rendered":"https:\/\/oiea.jp\/vn\/wp\/?page_id=31"},"modified":"2026-02-06T12:35:39","modified_gmt":"2026-02-06T03:35:39","slug":"news_letter","status":"publish","type":"page","link":"https:\/\/oiea.jp\/vn\/news_letter\/","title":{"rendered":"Th\u00f4ng tin thi\u1ebft th\u1ef1c cho \u0111\u1eddi s\u1ed1ng"},"content":{"rendered":"<div class=\"wp-block-image\">\n<figure class=\"aligncenter\"><img decoding=\"async\" src=\"https:\/\/oiea.jp\/vn\/wp\/wp-content\/uploads\/2022\/10\/newsletter.jpg\" alt=\"\"\/><\/figure><\/div>\n\n\n<div class=\"wp-block-vk-blocks-spacer vk_spacer\"><div class=\"vk_spacer-display-pc\" style=\"height:2rem\"><\/div><div class=\"vk_spacer-display-tablet\" style=\"height:2rem\"><\/div><div class=\"vk_spacer-display-mobile\" style=\"height:2rem\"><\/div><\/div>\n\n\n\n<p>C\u00e1c b\u1ea3n tin do Trung t\u00e2m Giao l\u01b0u Qu\u1ed1c t\u1ebf ph\u00e1t h\u00e0nh \u0111\u1ebfn n\u0103m 2020 hi\u1ec7n \u0111ang \u0111\u01b0\u1ee3c \u0111\u0103ng t\u1ea3i.<br>Ng\u00f4n ng\u1eef: Ti\u1ebfng Nh\u1eadt, ti\u1ebfng Anh, ti\u1ebfng Trung, ti\u1ebfng B\u1ed3 \u0110\u00e0o Nha, ti\u1ebfng Indonesia, ti\u1ebfng Vi\u1ec7t<br><\/p>\n\n\n\n<p>N\u1ebfu b\u1ea1n mu\u1ed1n nh\u1eadn c\u00e1c b\u1ea3n tin c\u0169, vui l\u00f2ng li\u00ean h\u1ec7 Trung t\u00e2m Giao l\u01b0u Qu\u1ed1c t\u1ebf.<\/p>\n\n\n\n<div class=\"wp-block-vk-blocks-spacer vk_spacer\"><div class=\"vk_spacer-display-pc\" style=\"height:4rem\"><\/div><div class=\"vk_spacer-display-tablet\" style=\"height:4rem\"><\/div><div class=\"vk_spacer-display-mobile\" style=\"height:4rem\"><\/div><\/div>\n\n\n\n<p class=\"has-large-font-size\"><strong>Ch\u1ee7 \u0111\u1ec1 ri\u00eang bi\u1ec7t <\/strong><\/p>\n\n\n\n<p><strong>C\u00e1c Quy T\u1eafc \u0110i Xe \u0110\u1ea1p T\u1ea1i Nh\u1eadt B\u1ea3n<\/strong><\/p>\n\n\n\n<figure class=\"wp-block-table\"><table><tbody><tr><td><a href=\"https:\/\/oiea.jp\/vn\/wp\/wp-content\/uploads\/2022\/10\/Spring-2020_info_bicycles_\u82f1\u8a9e.pdf\" target=\"_blank\" rel=\"noreferrer noopener\">Ti\u1ebfng Anh<\/a><\/td><\/tr><tr><td><a href=\"https:\/\/oiea.jp\/vn\/wp\/wp-content\/uploads\/2022\/10\/Spring-2020_info_bicycles_\u65e5\u672c\u8a9e.pdf\" target=\"_blank\" rel=\"noreferrer noopener\">Ti\u1ebfng Nh\u1eadt<\/a><\/td><\/tr><tr><td><a href=\"https:\/\/oiea.jp\/vn\/wp\/wp-content\/uploads\/2022\/10\/Spring-2020_info_bicycles_\u4e2d\u56fd\u8a9e.pdf\" target=\"_blank\" rel=\"noreferrer noopener\">Ti\u1ebfng Trung<\/a><\/td><\/tr><tr><td><a href=\"https:\/\/oiea.jp\/vn\/wp\/wp-content\/uploads\/2022\/10\/Spring-2020_info_bicycles_\u30dd\u30eb\u30c8\u30ac\u30eb\u8a9e.pdf\" target=\"_blank\" rel=\"noreferrer noopener\">Ti\u1ebfng B\u1ed3 \u0110\u00e0o Nha<\/a><\/td><\/tr><tr><td><a href=\"https:\/\/oiea.jp\/vn\/wp\/wp-content\/uploads\/2022\/10\/Spring-2020_info_bicycles_\u30d9\u30c8\u30ca\u30e0\u8a9e.pdf\" target=\"_blank\" rel=\"noreferrer noopener\">Ti\u1ebfng Vi\u1ec7t<\/a><\/td><\/tr><tr><td><a href=\"https:\/\/oiea.jp\/vn\/wp\/wp-content\/uploads\/2022\/10\/Spring-2020_info_bicycles_\u30a4\u30f3\u30c9\u30cd\u30b7\u30a2\u8a9e.pdf\" target=\"_blank\" rel=\"noreferrer noopener\">Ti\u1ebfng Indonesia<\/a><\/td><\/tr><\/tbody><\/table><\/figure>\n\n\n\n<p><strong>Quy t\u1eafc Giao th\u00f4ng - L\u00e1i xe t\u1ea1i Nh\u1eadt B\u1ea3n<\/strong><\/p>\n\n\n\n<figure class=\"wp-block-table\"><table><tbody><tr><td><a href=\"https:\/\/oiea.jp\/vn\/wp\/wp-content\/uploads\/2022\/10\/Spring-2020_info_driving_\u82f1\u8a9e.pdf\" target=\"_blank\" rel=\"noreferrer noopener\">Ti\u1ebfng Anh<\/a><\/td><\/tr><tr><td><a href=\"https:\/\/oiea.jp\/vn\/wp\/wp-content\/uploads\/2022\/10\/Spring-2020_info_driving_\u65e5\u672c\u8a9e.pdf\" target=\"_blank\" rel=\"noreferrer noopener\">Ti\u1ebfng Nh\u1eadt<\/a><\/td><\/tr><tr><td><a href=\"https:\/\/oiea.jp\/vn\/wp\/wp-content\/uploads\/2022\/10\/Spring-2020_info_driving_\u4e2d\u56fd\u8a9e.pdf\" target=\"_blank\" rel=\"noreferrer noopener\">Ti\u1ebfng Trung<\/a><\/td><\/tr><tr><td><a href=\"https:\/\/oiea.jp\/vn\/wp\/wp-content\/uploads\/2022\/10\/Spring-2020_info_driving_\u30dd\u30eb\u30c8\u30ac\u30eb\u8a9e.pdf\" target=\"_blank\" rel=\"noreferrer noopener\">Ti\u1ebfng B\u1ed3 \u0110\u00e0o Nha<\/a><\/td><\/tr><tr><td><a href=\"https:\/\/oiea.jp\/vn\/wp\/wp-content\/uploads\/2022\/10\/Spring-2020_info_driving_\u30d9\u30c8\u30ca\u30e0\u8a9e.pdf\" target=\"_blank\" rel=\"noreferrer noopener\">Ti\u1ebfng Vi\u1ec7t<\/a><\/td><\/tr><tr><td><a href=\"https:\/\/oiea.jp\/vn\/wp\/wp-content\/uploads\/2022\/10\/Spring-2020_info_driving_\u30a4\u30f3\u30c9\u30cd\u30b7\u30a2\u8a9e.pdf\" target=\"_blank\" rel=\"noreferrer noopener\">Ti\u1ebfng Indonesia<\/a><\/td><\/tr><\/tbody><\/table><\/figure>\n\n\n\n<h3 class=\"wp-block-heading\"><strong>B\u1ea3n tin m\u00f9a thu n\u0103m 2020:<\/strong><\/h3>\n\n\n\n<figure class=\"wp-block-table\"><table><tbody><tr><td><a href=\"https:\/\/oiea.jp\/vn\/wp\/wp-content\/uploads\/2022\/04\/0401.pdf\" target=\"_blank\" rel=\"noreferrer noopener\">Hello Okaya (\u65e5\u672c\u8a9e).pdf<\/a><\/td><\/tr><tr><td><a rel=\"noreferrer noopener\" href=\"https:\/\/www.oiea.jp\/docs\/Hello%20Okaya%20%28%E4%B8%AD%E5%9B%BD%E8%AA%9E%29.pdf\" target=\"_blank\">Hello Okaya (\u4e2d\u56fd\u8a9e).pdf<\/a><\/td><\/tr><tr><td><a href=\"https:\/\/oiea.jp\/vn\/wp\/wp-content\/uploads\/2022\/04\/Hello-Okaya-\u82f1\u8a9e.pdf\">Hello Okaya (\u82f1\u8a9e).pdf<\/a><\/td><\/tr><tr><td><a href=\"https:\/\/oiea.jp\/vn\/wp\/wp-content\/uploads\/2026\/02\/Hello-Okaya-\u30dd\u30eb\u30c8\u30ac\u30eb\u8a9e.pdf\" target=\"_blank\" rel=\"noreferrer noopener\">Hello Okaya (\u30dd\u30eb\u30c8\u30ac\u30eb\u8a9e).pdf<\/a><\/td><\/tr><tr><td><a href=\"https:\/\/oiea.jp\/vn\/wp\/wp-content\/uploads\/2026\/02\/Hello-Okaya-\u30a4\u30f3\u30c9\u30cd\u30b7\u30a2\u8a9e.pdf\" target=\"_blank\" rel=\"noreferrer noopener\">Hello Okaya (\u30a4\u30f3\u30c9\u30cd\u30b7\u30a2\u8a9e).pdf<\/a><\/td><\/tr><tr><td><a href=\"https:\/\/oiea.jp\/vn\/wp\/wp-content\/uploads\/2026\/02\/Hello-Okaya-\u30d9\u30c8\u30ca\u30e0\u8a9e.pdf\" target=\"_blank\" rel=\"noreferrer noopener\">Hello Okaya (\u30d9\u30c8\u30ca\u30e0\u8a9e).pdf<\/a><\/td><\/tr><\/tbody><\/table><\/figure>\n\n\n\n<div class=\"wp-block-vk-blocks-spacer vk_spacer\"><div class=\"vk_spacer-display-pc\" style=\"height:2rem\"><\/div><div class=\"vk_spacer-display-tablet\" style=\"height:2rem\"><\/div><div class=\"vk_spacer-display-mobile\" style=\"height:2rem\"><\/div><\/div>\n\n\n\n<h3 class=\"wp-block-heading\"><strong>B\u1ea3n tin m\u00f9a h\u00e8 n\u0103m 2020:<\/strong><\/h3>\n\n\n\n<figure class=\"wp-block-table\"><table><tbody><tr><td><a href=\"https:\/\/oiea.jp\/vn\/wp\/wp-content\/uploads\/2022\/04\/Hello-Okaya-\u65e5\u672c\u8a9e.pdf\" target=\"_blank\" rel=\"noreferrer noopener\">Hello Okaya \u65e5\u672c\u8a9e.pdf<\/a><\/td><\/tr><tr><td><a href=\"https:\/\/oiea.jp\/vn\/wp\/wp-content\/uploads\/2022\/04\/Hello-Okaya-\u4e2d\u56fd\u8a9e-1.pdf\" target=\"_blank\" rel=\"noreferrer noopener\">Hello Okaya \u4e2d\u56fd\u8a9e.pdf<\/a><\/td><\/tr><tr><td><a href=\"https:\/\/oiea.jp\/vn\/wp\/wp-content\/uploads\/2022\/04\/Hello-Okaya-\u82f1\u8a9e-1.pdf\" target=\"_blank\" rel=\"noreferrer noopener\">Hello Okaya \u82f1\u8a9e.pdf<\/a><\/td><\/tr><tr><td><a href=\"https:\/\/oiea.jp\/vn\/wp\/wp-content\/uploads\/2026\/02\/Hello-Okaya-\u30dd\u30eb\u30c8\u30ac\u30eb\u8a9e-1.pdf\" target=\"_blank\" rel=\"noreferrer noopener\">Hello Okaya \u30dd\u30eb\u30c8\u30ac\u30eb\u8a9e.pdf<\/a><\/td><\/tr><tr><td><a href=\"https:\/\/oiea.jp\/vn\/wp\/wp-content\/uploads\/2026\/02\/Hello-Okaya-\u30a4\u30f3\u30c9\u30cd\u30b7\u30a2\u8a9e-1.pdf\" target=\"_blank\" rel=\"noreferrer noopener\">Hello Okaya(\u30a4\u30f3\u30c9\u30cd\u30b7\u30a2\u8a9e).pdf<\/a><\/td><\/tr><tr><td><a href=\"https:\/\/oiea.jp\/vn\/wp\/wp-content\/uploads\/2026\/02\/Hello-Okaya-\u30d9\u30c8\u30ca\u30e0\u8a9e-1.pdf\" target=\"_blank\" rel=\"noreferrer noopener\">Hello Okaya(\u30d9\u30c8\u30ca\u30e0\u8a9e).pdf<\/a><\/td><\/tr><\/tbody><\/table><\/figure>\n\n\n\n<div class=\"wp-block-vk-blocks-spacer vk_spacer\"><div class=\"vk_spacer-display-pc\" style=\"height:2rem\"><\/div><div class=\"vk_spacer-display-tablet\" style=\"height:2rem\"><\/div><div class=\"vk_spacer-display-mobile\" style=\"height:2rem\"><\/div><\/div>\n\n\n\n<h3 class=\"wp-block-heading\"><strong>B\u1ea3n tin m\u00f9a xu\u00e2n n\u0103m 2020:<\/strong><\/h3>\n\n\n\n<figure class=\"wp-block-table\"><table><tbody><tr><td><a href=\"https:\/\/oiea.jp\/vn\/wp\/wp-content\/uploads\/2022\/04\/Hello-Okaya\u65e5\u672c\u8a9e.pdf\" target=\"_blank\" rel=\"noreferrer noopener\">Hello Okaya(\u65e5\u672c\u8a9e).pdf<\/a><\/td><\/tr><tr><td><a href=\"https:\/\/oiea.jp\/vn\/wp\/wp-content\/uploads\/2022\/04\/Hello-Okaya\u4e2d\u56fd\u8a9e.pdf\" target=\"_blank\" rel=\"noreferrer noopener\">Hello Okaya(\u4e2d\u56fd\u8a9e).pdf<\/a><\/td><\/tr><tr><td><a href=\"https:\/\/oiea.jp\/vn\/wp\/wp-content\/uploads\/2022\/04\/Hello-Okaya\u82f1\u8a9e.pdf\" target=\"_blank\" rel=\"noreferrer noopener\">Hello Okaya(\u82f1\u8a9e).pdf<\/a><\/td><\/tr><tr><td><a href=\"https:\/\/oiea.jp\/vn\/wp\/wp-content\/uploads\/2026\/02\/Hello-Okaya\u30dd\u30eb\u30c8\u30ac\u30eb\u8a9e.pdf\" target=\"_blank\" rel=\"noreferrer noopener\">Hello Okaya(\u30dd\u30eb\u30c8\u30ac\u30eb\u8a9e).pdf<\/a><\/td><\/tr><tr><td><a href=\"https:\/\/oiea.jp\/vn\/wp\/wp-content\/uploads\/2026\/02\/Hello-Okaya\u30a4\u30f3\u30c9\u30cd\u30b7\u30a2\u8a9e.pdf\" target=\"_blank\" rel=\"noreferrer noopener\">Hello Okaya(\u30a4\u30f3\u30c9\u30cd\u30b7\u30a2\u8a9e).pdf<\/a><\/td><\/tr><tr><td><a href=\"https:\/\/oiea.jp\/vn\/wp\/wp-content\/uploads\/2026\/02\/Hello-Okaya\u30d9\u30c8\u30ca\u30e0\u8a9e.pdf\" target=\"_blank\" rel=\"noreferrer noopener\">Hello Okaya(\u30d9\u30c8\u30ca\u30e0\u8a9e).pdf<\/a><\/td><\/tr><\/tbody><\/table><\/figure>\n\n\n\n<div class=\"wp-block-vk-blocks-spacer vk_spacer\"><div class=\"vk_spacer-display-pc\" style=\"height:2rem\"><\/div><div class=\"vk_spacer-display-tablet\" style=\"height:2rem\"><\/div><div class=\"vk_spacer-display-mobile\" style=\"height:2rem\"><\/div><\/div>\n\n\n\n<h3 class=\"wp-block-heading\"><strong>B\u1ea3n tin m\u00f9a \u0111\u00f4ng n\u0103m 2019:<\/strong><\/h3>\n\n\n\n<figure class=\"wp-block-table\"><table><tbody><tr><td><a href=\"https:\/\/oiea.jp\/vn\/wp\/wp-content\/uploads\/2022\/04\/Hello-Okaya\u65e5\u672c\u8a9e\uff09.pdf\" target=\"_blank\" rel=\"noreferrer noopener\">Hello Okaya(\u65e5\u672c\u8a9e\uff09<\/a><\/td><\/tr><tr><td>Hello Okaya(\u4e2d\u56fd\u8a9e)<\/td><\/tr><tr><td>Hello Okaya(\u82f1\u8a9e)<\/td><\/tr><tr><td><a href=\"https:\/\/oiea.jp\/vn\/wp\/wp-content\/uploads\/2026\/02\/Hello-Okaya\u30dd\u30eb\u30c8\u30ac\u30eb\u8a9e\uff09.pdf\" target=\"_blank\" rel=\"noreferrer noopener\">Hello Okaya(\u30dd\u30eb\u30c8\u30ac\u30eb\u8a9e\uff09<\/a><\/td><\/tr><tr><td><a href=\"https:\/\/oiea.jp\/vn\/wp\/wp-content\/uploads\/2026\/02\/Hello-Okaya-\u30a4\u30f3\u30c9\u30cd\u30b7\u30a2\u8a9e-2.pdf\" target=\"_blank\" rel=\"noreferrer noopener\">Hello Okaya(\u30a4\u30f3\u30c9\u30cd\u30b7\u30a2\u8a9e)<\/a><\/td><\/tr><tr><td><a href=\"https:\/\/oiea.jp\/vn\/wp\/wp-content\/uploads\/2026\/02\/Hello-Okaya\u30d9\u30c8\u30ca\u30e0\u8a9e-.pdf\" target=\"_blank\" rel=\"noreferrer noopener\">Hello Okaya(\u30d9\u30c8\u30ca\u30e0\u8a9e)<\/a><a href=\"https:\/\/oiea.jp\/vn\/wp\/wp-content\/uploads\/2022\/04\/Hello-Okaya\u30d8\u3099\u30c8\u30ca\u30e0\u8a9e-.pdf\" class=\"broken_link\">\u00a0<\/a><\/td><\/tr><\/tbody><\/table><\/figure>\n\n\n\n<div class=\"wp-block-vk-blocks-spacer vk_spacer\"><div class=\"vk_spacer-display-pc\" style=\"height:2rem\"><\/div><div class=\"vk_spacer-display-tablet\" style=\"height:2rem\"><\/div><div class=\"vk_spacer-display-mobile\" style=\"height:2rem\"><\/div><\/div>\n\n\n\n<h3 class=\"wp-block-heading\"><strong>B\u1ea3n tin m\u00f9a thu n\u0103m 2019:<\/strong><\/h3>\n\n\n\n<figure class=\"wp-block-table\"><table><tbody><tr><td><a href=\"https:\/\/oiea.jp\/vn\/wp\/wp-content\/uploads\/2022\/04\/\u65b0Hello-Okaya\u65e5\u672c\u8a9e\uff09.pdf\" target=\"_blank\" rel=\"noreferrer noopener\">\u65b0Hello Okaya (\u65e5\u672c\u8a9e\uff09<\/a><\/td><\/tr><tr><td><a href=\"https:\/\/oiea.jp\/vn\/wp\/wp-content\/uploads\/2022\/04\/\u65b0Hello-Okaya\u4e2d\u56fd\u8a9e.pdf\">\u65b0Hello Okaya(\u4e2d\u56fd\u8a9e)<\/a><\/td><\/tr><tr><td><a href=\"https:\/\/oiea.jp\/vn\/wp\/wp-content\/uploads\/2022\/04\/\u65b0Hello-Okaya\u82f1\u8a9e.pdf\" target=\"_blank\" rel=\"noreferrer noopener\">\u65b0Hello Okaya(\u82f1\u8a9e)<\/a><\/td><\/tr><tr><td><a href=\"https:\/\/oiea.jp\/vn\/wp\/wp-content\/uploads\/2026\/02\/\u65b0Hello-Okaya\u30dd\u30eb\u30c8\u30ac\u30eb\u8a9e.pdf\" target=\"_blank\" rel=\"noreferrer noopener\">\u65b0Hello Okaya(\u30dd\u30eb\u30c8\u30ac\u30eb\u8a9e)<\/a><\/td><\/tr><tr><td><a href=\"https:\/\/oiea.jp\/vn\/wp\/wp-content\/uploads\/2026\/02\/Hello-Okaya2019\u79cb\u53f7\u30a4\u30f3\u30c9\u30cd\u30b7\u30a2\u8a9e.pdf\" target=\"_blank\" rel=\"noreferrer noopener\">Hello Okaya(\u30a4\u30f3\u30c9\u30cd\u30b7\u30a2\u8a9e)<\/a><\/td><\/tr><\/tbody><\/table><\/figure>\n\n\n\n<div class=\"wp-block-vk-blocks-spacer vk_spacer\"><div class=\"vk_spacer-display-pc\" style=\"height:4rem\"><\/div><div class=\"vk_spacer-display-tablet\" style=\"height:4rem\"><\/div><div class=\"vk_spacer-display-mobile\" style=\"height:4rem\"><\/div><\/div>\n","protected":false},"excerpt":{"rendered":"<p>C\u00e1c b\u1ea3n tin do Trung t\u00e2m Giao l\u01b0u Qu\u1ed1c t\u1ebf ph\u00e1t h\u00e0nh \u0111\u1ebfn... <a href=\"https:\/\/oiea.jp\/vn\/news_letter\/\">\u0110\u1ecdc ti\u1ebfp<\/a><\/p>\n","protected":false},"author":4,"featured_media":936,"parent":0,"menu_order":4,"comment_status":"closed","ping_status":"closed","template":"","meta":{"_coblocks_attr":"","_coblocks_dimensions":"","_coblocks_responsive_height":"","_coblocks_accordion_ie_support":"","ub_ctt_via":"","footnotes":""},"featured_image_src":"https:\/\/oiea.jp\/vn\/wp\/wp-content\/uploads\/2022\/10\/newsletter.jpg","_links":{"self":[{"href":"https:\/\/oiea.jp\/vn\/wp-json\/wp\/v2\/pages\/31"}],"collection":[{"href":"https:\/\/oiea.jp\/vn\/wp-json\/wp\/v2\/pages"}],"about":[{"href":"https:\/\/oiea.jp\/vn\/wp-json\/wp\/v2\/types\/page"}],"author":[{"embeddable":true,"href":"https:\/\/oiea.jp\/vn\/wp-json\/wp\/v2\/users\/4"}],"replies":[{"embeddable":true,"href":"https:\/\/oiea.jp\/vn\/wp-json\/wp\/v2\/comments?post=31"}],"version-history":[{"count":33,"href":"https:\/\/oiea.jp\/vn\/wp-json\/wp\/v2\/pages\/31\/revisions"}],"predecessor-version":[{"id":1667,"href":"https:\/\/oiea.jp\/vn\/wp-json\/wp\/v2\/pages\/31\/revisions\/1667"}],"wp:featuredmedia":[{"embeddable":true,"href":"https:\/\/oiea.jp\/vn\/wp-json\/wp\/v2\/media\/936"}],"wp:attachment":[{"href":"https:\/\/oiea.jp\/vn\/wp-json\/wp\/v2\/media?parent=31"}],"curies":[{"name":"wp","href":"https:\/\/api.w.org\/{rel}","templated":true}]}}