{"id":29,"date":"2022-03-18T13:19:29","date_gmt":"2022-03-18T04:19:29","guid":{"rendered":"https:\/\/oiea.jp\/vn\/wp\/?page_id=29"},"modified":"2026-01-13T15:15:10","modified_gmt":"2026-01-13T06:15:10","slug":"consultations","status":"publish","type":"page","link":"https:\/\/oiea.jp\/vn\/services\/consultations\/","title":{"rendered":"T\u01b0 v\u1ea5n \u30fb D\u1ecbch thu\u1eadt \u30fb Phi\u00ean d\u1ecbch"},"content":{"rendered":"<div class=\"wp-block-image\">\n<figure class=\"aligncenter size-large\"><img loading=\"lazy\" decoding=\"async\" width=\"1024\" height=\"768\" src=\"https:\/\/oiea.jp\/vn\/wp\/wp-content\/uploads\/2022\/07\/trunsration-1024x768.jpg\" alt=\"\" class=\"wp-image-784\" srcset=\"https:\/\/oiea.jp\/vn\/wp\/wp-content\/uploads\/2022\/07\/trunsration-1024x768.jpg 1024w, https:\/\/oiea.jp\/vn\/wp\/wp-content\/uploads\/2022\/07\/trunsration-300x225.jpg 300w, https:\/\/oiea.jp\/vn\/wp\/wp-content\/uploads\/2022\/07\/trunsration-768x576.jpg 768w, https:\/\/oiea.jp\/vn\/wp\/wp-content\/uploads\/2022\/07\/trunsration-1536x1152.jpg 1536w, https:\/\/oiea.jp\/vn\/wp\/wp-content\/uploads\/2022\/07\/trunsration.jpg 2000w\" sizes=\"(max-width: 1024px) 100vw, 1024px\" \/><\/figure><\/div>\n\n\n<div class=\"wp-block-vk-blocks-spacer vk_spacer\"><div class=\"vk_spacer-display-pc\" style=\"height:2rem\"><\/div><div class=\"vk_spacer-display-tablet\" style=\"height:2rem\"><\/div><div class=\"vk_spacer-display-mobile\" style=\"height:2rem\"><\/div><\/div>\n\n\n\n<p>Trung t\u00e2m Giao l\u01b0u Qu\u1ed1c t\u1ebf, thu\u1ed9c T\u1ed5 ch\u1ee9c Ph\u00e1t tri\u1ec3n V\u0103n h\u00f3a Okaya (Ph\u00e1p nh\u00e2n c\u00f4ng \u00edch), \u0111ang cung c\u1ea5p d\u1ecbch v\u1ee5 t\u01b0 v\u1ea5n, d\u1ecbch thu\u1eadt v\u00e0 phi\u00ean d\u1ecbch.<\/p>\n\n\n\n<p>Ph\u00ed d\u1ecbch v\u1ee5 thay \u0111\u1ed5i t\u00f9y theo ng\u00f4n ng\u1eef v\u00e0 n\u1ed9i dung, vui l\u00f2ng li\u00ean h\u1ec7 \u0111\u1ec3 \u0111\u01b0\u1ee3c t\u01b0 v\u1ea5n.<\/p>\n\n\n\n<div class=\"wp-block-vk-blocks-spacer vk_spacer\"><div class=\"vk_spacer-display-pc\" style=\"height:2rem\"><\/div><div class=\"vk_spacer-display-tablet\" style=\"height:2rem\"><\/div><div class=\"vk_spacer-display-mobile\" style=\"height:2rem\"><\/div><\/div>\n\n\n\n<h3 class=\"wp-block-heading is-style-vk-heading-background_fill_lightgray has-background\" style=\"background-color:#ecbe04a8\">T\u01b0 v\u1ea5n<\/h3>\n\n\n\n<p>Nh\u00e2n vi\u00ean c\u1ee7a Trung t\u00e2m s\u1ebd ti\u1ebfp nh\u1eadn v\u00e0 h\u1ed7 tr\u1ee3 b\u1ea1n trong c\u00e1c v\u1ea5n \u0111\u1ec1 li\u00ean quan \u0111\u1ebfn h\u00e0nh ch\u00ednh v\u00e0 sinh ho\u1ea1t h\u00e0ng ng\u00e0y. Tuy nhi\u00ean, \u0111\u1ed1i v\u1edbi nh\u1eefng t\u01b0 v\u1ea5n chuy\u00ean m\u00f4n nh\u01b0 ph\u00e1p lu\u1eadt, Trung t\u00e2m c\u00f3 th\u1ec3 s\u1ebd h\u01b0\u1edbng d\u1eabn b\u1ea1n li\u00ean h\u1ec7 v\u1edbi c\u00e1c c\u01a1 quan chuy\u00ean m\u00f4n kh\u00e1c&nbsp;.<\/p>\n\n\n\n<p><strong>Th\u1eddi gian ti\u1ebfp nh\u1eadn t\u01b0 v\u1ea5n: <br><\/strong>H\u00e0ng tu\u1ea7n, t\u1eeb th\u1ee9 Hai \u0111\u1ebfn th\u1ee9 S\u00e1u (tr\u1eeb ng\u00e0y l\u1ec5 v\u00e0 k\u1ef3 ngh\u1ec9 T\u1ebft D\u01b0\u01a1ng l\u1ecbch)<br>T\u1eeb 8 gi\u1edd 30 \u0111\u1ebfn 17 gi\u1edd<\/p>\n\n\n\n<p><strong>Ng\u00f4n ng\u1eef h\u1ed7 tr\u1ee3: <br><\/strong>Ti\u1ebfng Anh<br>Ng\u00f4n ng\u1eef kh\u00e1c (s\u1eed d\u1ee5ng ti\u1ebfng Nh\u1eadt \u0111\u01a1n gi\u1ea3n ho\u1eb7c \u1ee9ng d\u1ee5ng d\u1ecbch \u0111\u1ec3 h\u1ed7 tr\u1ee3)<\/p>\n\n\n\n<p>Chi ph\u00ed: Mi\u1ec5n ph\u00ed<br>Th\u1eddi gian t\u01b0 v\u1ea5n: 1 ti\u1ebfng <br>\u203b B\u1ea1n vui l\u00f2ng \u0111\u1eb7t l\u1ecbch h\u1eb9n tr\u01b0\u1edbc khi y\u00eau c\u1ea7u t\u01b0 v\u1ea5n.<\/p>\n\n\n\n<div class=\"wp-block-vk-blocks-spacer vk_spacer\"><div class=\"vk_spacer-display-pc\" style=\"height:4rem\"><\/div><div class=\"vk_spacer-display-tablet\" style=\"height:4rem\"><\/div><div class=\"vk_spacer-display-mobile\" style=\"height:4rem\"><\/div><\/div>\n\n\n\n<h3 class=\"wp-block-heading is-style-vk-heading-background_fill_lightgray has-background\" style=\"background-color:#ecbe04a8\">D\u1ecbch thu\u1eadt<\/h3>\n\n\n\n<p>Nh\u00e2n vi\u00ean c\u1ee7a Trung t\u00e2m s\u1ebd h\u1ed7 tr\u1ee3 b\u1ea1n. Tuy nhi\u00ean, d\u1ecbch v\u1ee5 d\u1ecbch thu\u1eadt ch\u1ec9 gi\u1edbi h\u1ea1n \u0111\u1ed1i v\u1edbi c\u00e1c gi\u1ea5y t\u1edd h\u00e0nh ch\u00ednh nh\u01b0 gi\u1ea5y khai sinh, b\u1ea3n sao h\u1ed9 t\u1ecbch, gi\u1ea5y ch\u1ee9ng nh\u1eadn c\u01b0 tr\u00fa, gi\u1ea5y \u0111\u0103ng k\u00fd k\u1ebft h\u00f4n, gi\u1ea5y ly h\u00f4n, v.v. Ch\u00fang t\u00f4i kh\u00f4ng nh\u1eadn d\u1ecbch c\u00e1c t\u00e0i li\u1ec7u c\u00e1 nh\u00e2n. N\u1ebfu c\u00f3 b\u1ea5t k\u1ef3 th\u1eafc m\u1eafc n\u00e0o, xin vui l\u00f2ng li\u00ean h\u1ec7 \u0111\u1ec3 \u0111\u01b0\u1ee3c t\u01b0 v\u1ea5n.<\/p>\n\n\n\n<p><strong>Ng\u00f4n ng\u1eef h\u1ed7 tr\u1ee3:<\/strong> Ti\u1ebfng Anh, Ti\u1ebfng B\u1ed3 \u0110\u00e0o Nha, Ti\u1ebfng Trung Qu\u1ed1c<\/p>\n\n\n\n<p>Chi ph\u00ed: C\u01a1 b\u1ea3n l\u00e0 3.000 y\u00ean cho m\u1ed7i trang gi\u1ea5y A4.&nbsp;<\/p>\n\n\n\n<p>* M\u1ee9c ph\u00ed tr\u00ean ch\u1ec9 mang t\u00ednh ch\u1ea5t tham kh\u1ea3o, chi ph\u00ed cu\u1ed1i c\u00f9ng s\u1ebd \u0111\u01b0\u1ee3c quy\u1ebft \u0111\u1ecbnh sau khi ch\u00fang t\u00f4i xem b\u1ea3n th\u1ea3o.&nbsp;<br>* V\u00ec c\u1ea7n x\u00e1c nh\u1eadn th\u00f4ng tin nh\u01b0 c\u00e1ch \u0111\u1ecdc t\u00ean tr\u00ean gi\u1ea5y t\u1edd, n\u00ean ch\u1ec9 ti\u1ebfp nh\u1eadn t\u01b0 v\u1ea5n tr\u1ef1c ti\u1ebfp t\u1eeb ch\u00ednh ng\u01b0\u1eddi c\u1ea7n t\u01b0 v\u1ea5n.<br>* Th\u1eddi gian d\u1ecbch thu\u1eadt c\u01a1 b\u1ea3n l\u00e0 kho\u1ea3ng m\u1ed9t tu\u1ea7n cho m\u1ed7i trang A4.<\/p>\n\n\n\n<div class=\"wp-block-vk-blocks-spacer vk_spacer\"><div class=\"vk_spacer-display-pc\" style=\"height:4rem\"><\/div><div class=\"vk_spacer-display-tablet\" style=\"height:4rem\"><\/div><div class=\"vk_spacer-display-mobile\" style=\"height:4rem\"><\/div><\/div>\n\n\n\n<h3 class=\"wp-block-heading is-style-vk-heading-background_fill_lightgray has-background\" style=\"background-color:#ecbe04a8\">Phi\u00ean d\u1ecbch<\/h3>\n\n\n\n<p>Nh\u00e2n vi\u00ean c\u1ee7a Trung t\u00e2m s\u1ebd tr\u1ef1c ti\u1ebfp h\u1ed7 tr\u1ee3. Tuy nhi\u00ean, d\u1ecbch v\u1ee5 phi\u00ean d\u1ecbch ch\u1ec9 gi\u1edbi h\u1ea1n trong c\u00e1c l\u0129nh v\u1ef1c li\u00ean quan \u0111\u1ebfn h\u00e0nh ch\u00ednh. Ch\u00fang t\u00f4i kh\u00f4ng nh\u1eadn phi\u00ean d\u1ecbch cho m\u1ee5c \u0111\u00edch c\u00e1 nh\u00e2n ho\u1eb7c doanh nghi\u1ec7p.<\/p>\n\n\n\n<p><strong>Ng\u00f4n ng\u1eef h\u1ed7 tr\u1ee3: <\/strong>Ti\u1ebfng Anh<\/p>\n\n\n\n<p>L\u1ec7 ph\u00ed: Li\u00ean h\u1ec7 \u0111\u1ec3 bi\u1ebft th\u00eam chi ti\u1ebft<\/p>\n\n\n\n<div class=\"wp-block-vk-blocks-spacer vk_spacer\"><div class=\"vk_spacer-display-pc\" style=\"height:4rem\"><\/div><div class=\"vk_spacer-display-tablet\" style=\"height:4rem\"><\/div><div class=\"vk_spacer-display-mobile\" style=\"height:4rem\"><\/div><\/div>\n","protected":false},"excerpt":{"rendered":"<p>\u3000<\/p>\n","protected":false},"author":4,"featured_media":784,"parent":523,"menu_order":2,"comment_status":"closed","ping_status":"closed","template":"","meta":{"_coblocks_attr":"","_coblocks_dimensions":"","_coblocks_responsive_height":"","_coblocks_accordion_ie_support":"","ub_ctt_via":"","footnotes":""},"featured_image_src":"https:\/\/oiea.jp\/vn\/wp\/wp-content\/uploads\/2022\/07\/trunsration.jpg","_links":{"self":[{"href":"https:\/\/oiea.jp\/vn\/wp-json\/wp\/v2\/pages\/29"}],"collection":[{"href":"https:\/\/oiea.jp\/vn\/wp-json\/wp\/v2\/pages"}],"about":[{"href":"https:\/\/oiea.jp\/vn\/wp-json\/wp\/v2\/types\/page"}],"author":[{"embeddable":true,"href":"https:\/\/oiea.jp\/vn\/wp-json\/wp\/v2\/users\/4"}],"replies":[{"embeddable":true,"href":"https:\/\/oiea.jp\/vn\/wp-json\/wp\/v2\/comments?post=29"}],"version-history":[{"count":22,"href":"https:\/\/oiea.jp\/vn\/wp-json\/wp\/v2\/pages\/29\/revisions"}],"predecessor-version":[{"id":1631,"href":"https:\/\/oiea.jp\/vn\/wp-json\/wp\/v2\/pages\/29\/revisions\/1631"}],"up":[{"embeddable":true,"href":"https:\/\/oiea.jp\/vn\/wp-json\/wp\/v2\/pages\/523"}],"wp:featuredmedia":[{"embeddable":true,"href":"https:\/\/oiea.jp\/vn\/wp-json\/wp\/v2\/media\/784"}],"wp:attachment":[{"href":"https:\/\/oiea.jp\/vn\/wp-json\/wp\/v2\/media?parent=29"}],"curies":[{"name":"wp","href":"https:\/\/api.w.org\/{rel}","templated":true}]}}