{"id":27,"date":"2022-03-18T13:18:58","date_gmt":"2022-03-18T04:18:58","guid":{"rendered":"https:\/\/oiea.jp\/vn\/wp\/?page_id=27"},"modified":"2025-07-16T16:37:05","modified_gmt":"2025-07-16T07:37:05","slug":"jplangschool","status":"publish","type":"page","link":"https:\/\/oiea.jp\/vn\/services\/jplangschool\/","title":{"rendered":"L\u1edbp h\u1ecdc ti\u1ebfng Nh\u1eadt"},"content":{"rendered":"<div class=\"wp-block-image\">\n<figure class=\"aligncenter size-full\"><img loading=\"lazy\" decoding=\"async\" width=\"1024\" height=\"899\" src=\"https:\/\/oiea.jp\/vn\/wp\/wp-content\/uploads\/2022\/12\/image.png\" alt=\"\" class=\"wp-image-950\" srcset=\"https:\/\/oiea.jp\/vn\/wp\/wp-content\/uploads\/2022\/12\/image.png 1024w, https:\/\/oiea.jp\/vn\/wp\/wp-content\/uploads\/2022\/12\/image-300x263.png 300w, https:\/\/oiea.jp\/vn\/wp\/wp-content\/uploads\/2022\/12\/image-768x674.png 768w\" sizes=\"(max-width: 1024px) 100vw, 1024px\" \/><\/figure><\/div>\n\n\n<div class=\"wp-block-vk-blocks-spacer vk_spacer\"><div class=\"vk_spacer-display-pc\" style=\"height:2rem\"><\/div><div class=\"vk_spacer-display-tablet\" style=\"height:2rem\"><\/div><div class=\"vk_spacer-display-mobile\" style=\"height:2rem\"><\/div><\/div>\n\n\n\n<p class=\"has-text-align-center has-background\" style=\"background-color:#f5d100;font-size:20px\"><strong><strong>\u0110ang tuy\u1ec3n h\u1ecdc vi\u00ean cho l\u1edbp h\u1ecdc ti\u1ebfng Nh\u1eadt!<\/strong><\/strong><\/p>\n\n\n\n<p class=\"has-text-align-center\">Trung t\u00e2m Giao l\u01b0u Qu\u1ed1c t\u1ebf \u0111ang t\u1ed5 ch\u1ee9c c\u00e1c l\u1edbp h\u1ecdc ti\u1ebfng Nh\u1eadt mi\u1ec5n ph\u00ed<\/p>\n\n\n\n<p class=\"has-text-align-center has-vivid-red-color has-text-color\"><strong><span data-color=\"#f9c0ce\" style=\"background: linear-gradient(transparent 60%,rgba(249, 192, 206, 0.7) 0);\" class=\"vk_highlighter\">\u203b V\u00ec c\u1ea7n \u0111\u0103ng k\u00fd tr\u01b0\u1edbc, n\u00ean nh\u1eefng ai c\u00f3 nguy\u1ec7n v\u1ecdng tham gia vui l\u00f2ng li\u00ean h\u1ec7 v\u1edbi Trung t\u00e2m Giao l\u01b0u Qu\u1ed1c t\u1ebf.<\/span><\/strong><\/p>\n\n\n\n<div class=\"wp-block-vk-blocks-spacer vk_spacer\"><div class=\"vk_spacer-display-pc\" style=\"height:4rem\"><\/div><div class=\"vk_spacer-display-tablet\" style=\"height:4rem\"><\/div><div class=\"vk_spacer-display-mobile\" style=\"height:4rem\"><\/div><\/div>\n\n\n\n<p class=\"has-text-align-center\" style=\"font-size:22px\"><strong>L\u1ecbch tr\u00ecnh n\u1eeda \u0111\u1ea7u n\u0103m 2025<\/strong><\/p>\n\n\n\n<figure class=\"wp-block-table\"><table><thead><tr><th class=\"has-text-align-center\" data-align=\"center\" scope=\"row\">Class<\/th><th class=\"has-text-align-center\" data-align=\"center\" scope=\"col\">Date<\/th><th class=\"has-text-align-center\" data-align=\"center\" scope=\"col\">Time<\/th><th class=\"has-text-align-center\" data-align=\"center\" scope=\"col\">Place<\/th><\/tr><\/thead><tbody><tr><th class=\"has-text-align-center\" data-align=\"center\" scope=\"row\">Ti\u1ebfng Nh\u1eadt A<br>S\u01a1 c\u1ea5p<br>\u00a0<br>H\u1ed9i tho\u1ea1i h\u00e0ng ng\u00e0y<\/th><td class=\"has-text-align-center\" data-align=\"center\">Th\u1ee9 hai h\u00e0ng tu\u1ea7n<br><br>4\/14<br>4\/21<br>5\/12<br>5\/19<br>5\/2\uff16<br>\uff16\/\uff12<br>\uff16\/16<br>\uff16\/30<br>7\/7<br>7\/14<\/td><td class=\"has-text-align-center\" data-align=\"center\">&nbsp;&nbsp;&nbsp;&nbsp;19:00-20:30<\/td><td class=\"has-text-align-center\" data-align=\"center\">\u00a0\u00a0\u00a0\u00a0T\u1ea7ng 3 trung t\u00e2m th\u01b0\u01a1ng m\u1ea1i ILF<br>Trung t\u00e2m V\u0103n h\u00f3a<br>Ph\u00f2ng h\u1ed9i th\u1ea3o s\u1ed1 1<br><\/td><\/tr><tr><th class=\"has-text-align-center\" data-align=\"center\" scope=\"row\">Ti\u1ebfng Nh\u1eadt B<br>Trung c\u1ea5p\u30fbCao c\u1ea5p<br>\u00a0<br>\u00a0<br>Daily Conversation<\/th><td class=\"has-text-align-center\" data-align=\"center\">Th\u1ee9 hai h\u00e0ng tu\u1ea7n<br><br>4\/14<br>4\/21<br>5\/12<br>5\/19<br>5\/2\uff16<br>\uff16\/\uff12<br>\uff16\/16<br>\uff16\/30<br>7\/7<br>7\/14<\/td><td class=\"has-text-align-center\" data-align=\"center\">&nbsp;&nbsp;&nbsp;&nbsp;19:00-20:30<\/td><td class=\"has-text-align-center\" data-align=\"center\">\u00a0\u00a0\u00a0\u00a0T\u1ea7ng 3 trung t\u00e2m th\u01b0\u01a1ng m\u1ea1i ILF<br>Trung t\u00e2m V\u0103n h\u00f3a<br>Ph\u00f2ng h\u1ed9i th\u1ea3o s\u1ed1 2<br><\/td><\/tr><\/tbody><\/table><\/figure>\n\n\n\n<p><strong>\u0110\u1ed1i t\u01b0\u1ee3ng<\/strong>: Ng\u01b0\u1eddi n\u01b0\u1edbc ngo\u00e0i \u0111ang sinh s\u1ed1ng t\u1ea1i th\u00e0nh ph\u1ed1 Okaya<br><strong>Chi ph\u00ed<\/strong>: Mi\u1ec5n ph\u00ed<br>\u3000\u3000Chi ph\u00ed t\u00e0i li\u1ec7u h\u1ecdc: t\u1eeb 2.090 \u0111\u1ebfn 3.080 y\u00ean<br><strong>N\u01a1i \u0111\u0103ng k\u00fd<\/strong> :\u3000Trung t\u00e2m Giao l\u01b0u Qu\u1ed1c t\u1ebf, T\u1ed5 ch\u1ee9c Ph\u00e1t tri\u1ec3n V\u0103n h\u00f3a Okaya (Ph\u00e1p nh\u00e2n c\u00f4ng \u00edch)<\/p>\n\n\n\n<div class=\"wp-block-vk-blocks-spacer vk_spacer\"><div class=\"vk_spacer-display-pc\" style=\"height:4rem\"><\/div><div class=\"vk_spacer-display-tablet\" style=\"height:4rem\"><\/div><div class=\"vk_spacer-display-mobile\" style=\"height:4rem\"><\/div><\/div>\n","protected":false},"excerpt":{"rendered":"<p>\u3000<\/p>\n","protected":false},"author":4,"featured_media":717,"parent":523,"menu_order":1,"comment_status":"closed","ping_status":"closed","template":"","meta":{"_coblocks_attr":"","_coblocks_dimensions":"","_coblocks_responsive_height":"","_coblocks_accordion_ie_support":"","ub_ctt_via":"","footnotes":""},"featured_image_src":"https:\/\/oiea.jp\/vn\/wp\/wp-content\/uploads\/2022\/07\/IMG_4867-scaled.jpg","_links":{"self":[{"href":"https:\/\/oiea.jp\/vn\/wp-json\/wp\/v2\/pages\/27"}],"collection":[{"href":"https:\/\/oiea.jp\/vn\/wp-json\/wp\/v2\/pages"}],"about":[{"href":"https:\/\/oiea.jp\/vn\/wp-json\/wp\/v2\/types\/page"}],"author":[{"embeddable":true,"href":"https:\/\/oiea.jp\/vn\/wp-json\/wp\/v2\/users\/4"}],"replies":[{"embeddable":true,"href":"https:\/\/oiea.jp\/vn\/wp-json\/wp\/v2\/comments?post=27"}],"version-history":[{"count":38,"href":"https:\/\/oiea.jp\/vn\/wp-json\/wp\/v2\/pages\/27\/revisions"}],"predecessor-version":[{"id":1592,"href":"https:\/\/oiea.jp\/vn\/wp-json\/wp\/v2\/pages\/27\/revisions\/1592"}],"up":[{"embeddable":true,"href":"https:\/\/oiea.jp\/vn\/wp-json\/wp\/v2\/pages\/523"}],"wp:featuredmedia":[{"embeddable":true,"href":"https:\/\/oiea.jp\/vn\/wp-json\/wp\/v2\/media\/717"}],"wp:attachment":[{"href":"https:\/\/oiea.jp\/vn\/wp-json\/wp\/v2\/media?parent=27"}],"curies":[{"name":"wp","href":"https:\/\/api.w.org\/{rel}","templated":true}]}}