{"id":15,"date":"2022-03-18T11:49:53","date_gmt":"2022-03-18T02:49:53","guid":{"rendered":"https:\/\/oiea.jp\/vn\/wp\/?page_id=15"},"modified":"2026-01-14T11:36:39","modified_gmt":"2026-01-14T02:36:39","slug":"home","status":"publish","type":"page","link":"https:\/\/oiea.jp\/vn\/","title":{"rendered":"Trang ch\u1ee7"},"content":{"rendered":"\n\n\n\n<div class=\"wp-block-cover alignfull is-light\" style=\"min-height:150px;aspect-ratio:unset;\"><span aria-hidden=\"true\" class=\"wp-block-cover__background has-background-dim-80 has-background-dim\" style=\"background-color:#c8a552\"><\/span><div class=\"wp-block-cover__inner-container is-layout-flow wp-block-cover-is-layout-flow\">\n<div class=\"wp-block-vk-blocks-spacer vk_spacer\"><div class=\"vk_spacer-display-pc\" style=\"height:30px\"><\/div><div class=\"vk_spacer-display-tablet\" style=\"height:30px\"><\/div><div class=\"vk_spacer-display-mobile\" style=\"height:30px\"><\/div><\/div>\n\n\n\n<p class=\"has-text-align-center mb-0 has-regular-font-size\" style=\"letter-spacing:2px\"><strong>Trung t\u00e2m Giao l\u01b0u Qu\u1ed1c t\u1ebf, T\u1ed5 ch\u1ee9c Ph\u00e1t tri\u1ec3n V\u0103n h\u00f3a Okaya l\u00e0<\/strong><br><strong>T\u1ed5 ch\u1ee9c h\u1ed7 tr\u1ee3 c\u00e1c ho\u1ea1t \u0111\u1ed9ng giao l\u01b0u qu\u1ed1c t\u1ebf d\u01b0\u1edbi nhi\u1ec1u h\u00ecnh th\u1ee9c kh\u00e1c nhau nh\u1eb1m gi\u00fap ng\u01b0\u1eddi d\u00e2n \u0111\u1ecba ph\u01b0\u01a1ng n\u00e2ng cao c\u1ea3m nh\u1eadn v\u00e0 hi\u1ec3u bi\u1ebft v\u1ec1 qu\u1ed1c t\u1ebf.<\/strong><\/p>\n\n\n\n<div class=\"wp-block-vk-blocks-spacer vk_spacer\"><div class=\"vk_spacer-display-pc\" style=\"height:30px\"><\/div><div class=\"vk_spacer-display-tablet\" style=\"height:30px\"><\/div><div class=\"vk_spacer-display-mobile\" style=\"height:30px\"><\/div><\/div>\n<\/div><\/div>\n\n\n\n<div class=\"wp-block-cover alignfull is-light\"><span aria-hidden=\"true\" class=\"wp-block-cover__background has-white-background-color has-background-dim-100 has-background-dim\"><\/span><div class=\"wp-block-cover__inner-container is-layout-flow wp-block-cover-is-layout-flow\">\n<div class=\"wp-block-vk-blocks-spacer vk_spacer\"><div class=\"vk_spacer-display-pc\" style=\"height:4rem\"><\/div><div class=\"vk_spacer-display-tablet\" style=\"height:4rem\"><\/div><div class=\"vk_spacer-display-mobile\" style=\"height:4rem\"><\/div><\/div>\n\n\n\n<h2 class=\"wp-block-heading has-text-align-center\">Tin t\u1ee9c m\u1edbi nh\u1ea5t<\/h2>\n\n\n<ul class=\"wp-block-latest-posts__list has-dates wp-block-latest-posts\"><li><a class=\"wp-block-latest-posts__post-title\" href=\"https:\/\/oiea.jp\/vn\/hay-kiem-tra-cach-phan-loai-va-do-rac-tai-thanh-pho-okaya\/\">H\u00e3y ki\u1ec3m tra c\u00e1ch ph\u00e2n lo\u1ea1i v\u00e0 \u0111\u1ed5 r\u00e1c t\u1ea1i th\u00e0nh ph\u1ed1 Okaya<\/a><time datetime=\"2026-03-25T14:11:37+09:00\" class=\"wp-block-latest-posts__post-date\">03\/25\/2026<\/time><div class=\"wp-block-latest-posts__post-excerpt\">Th\u00e0nh ph\u1ed1 Okaya th\u00ec r\u1ea5t c\u1ea7n s\u1ef1 h\u1ee3p t\u00e1c c\u1ee7a t\u1ea5t c\u1ea3 ng\u01b0\u1eddi... <a href=\"https:\/\/oiea.jp\/vn\/hay-kiem-tra-cach-phan-loai-va-do-rac-tai-thanh-pho-okaya\/\">\u0110\u1ecdc ti\u1ebfp<\/a><\/div><\/li>\n<li><a class=\"wp-block-latest-posts__post-title\" href=\"https:\/\/oiea.jp\/vn\/%e3%80%8cviec-su-dung-dien-thoai-%e3%80%8dkhi-di-xe-dap-se-bi-xu-phat-nghiem-khac-hon-viec-di-xe-dap-khi-%e3%80%8cco-nong-do-con-trong-mau-%e3%80%8dcung-se-bi-ap-dung-hinh-phat-moi\/\">\u300cVi\u1ec7c s\u1eed d\u1ee5ng \u0111i\u1ec7n tho\u1ea1i \u300dkhi \u0111i xe \u0111\u1ea1p s\u1ebd b\u1ecb x\u1eed ph\u1ea1t nghi\u00eam kh\u1eafc h\u01a1n! Vi\u1ec7c \u0111i xe \u0111\u1ea1p khi \u300cc\u00f3 n\u1ed3ng \u0111\u1ed9 c\u1ed3n trong m\u00e1u \u300dc\u0169ng s\u1ebd b\u1ecb \u00e1p d\u1ee5ng h\u00ecnh ph\u1ea1t m\u1edbi!<\/a><time datetime=\"2026-03-25T14:09:41+09:00\" class=\"wp-block-latest-posts__post-date\">03\/25\/2026<\/time><div class=\"wp-block-latest-posts__post-excerpt\">Lu\u1eadt Giao th\u00f4ng \u0110\u01b0\u1eddng b\u1ed9 \u0111\u00e3 \u0111\u01b0\u1ee3c s\u1eeda \u0111\u1ed5i, k\u1ec3 t\u1eeb th\u00e1ng 1... <a href=\"https:\/\/oiea.jp\/vn\/%e3%80%8cviec-su-dung-dien-thoai-%e3%80%8dkhi-di-xe-dap-se-bi-xu-phat-nghiem-khac-hon-viec-di-xe-dap-khi-%e3%80%8cco-nong-do-con-trong-mau-%e3%80%8dcung-se-bi-ap-dung-hinh-phat-moi\/\">\u0110\u1ecdc ti\u1ebfp<\/a><\/div><\/li>\n<\/ul>\n\n\n<div class=\"wp-block-vk-blocks-spacer vk_spacer\"><div class=\"vk_spacer-display-pc\" style=\"height:2rem\"><\/div><div class=\"vk_spacer-display-tablet\" style=\"height:2rem\"><\/div><div class=\"vk_spacer-display-mobile\" style=\"height:2rem\"><\/div><\/div>\n\n\n\n<div class=\"wp-block-buttons is-content-justification-center is-layout-flex wp-container-core-buttons-is-layout-1 wp-block-buttons-is-layout-flex\">\n<div class=\"wp-block-button\"><a class=\"wp-block-button__link has-white-color has-vk-color-primary-dark-background-color has-text-color has-background wp-element-button broken_link\" href=\"https:\/\/oiea.jp\/vn\/wp\/archive\/news\">Xem to\u00e0n b\u1ed9<\/a><\/div>\n<\/div>\n\n\n\n<div class=\"wp-block-vk-blocks-spacer vk_spacer\"><div class=\"vk_spacer-display-pc\" style=\"height:8rem\"><\/div><div class=\"vk_spacer-display-tablet\" style=\"height:8rem\"><\/div><div class=\"vk_spacer-display-mobile\" style=\"height:4rem\"><\/div><\/div>\n\n\n\n<h2 class=\"wp-block-heading has-text-align-center\">Tin t\u1ee9c &amp; S\u1ef1 ki\u1ec7n<\/h2>\n\n\n\n<div class=\"wp-block-query is-layout-flow wp-block-query-is-layout-flow\">\n\n\n\n<div class=\"wp-block-query-no-results\">\n\n<p><\/p>\n\n<\/div><\/div>\n\n\n\n<div class=\"wp-block-vk-blocks-spacer vk_spacer\"><div class=\"vk_spacer-display-pc\" style=\"height:4rem\"><\/div><div class=\"vk_spacer-display-tablet\" style=\"height:4rem\"><\/div><div class=\"vk_spacer-display-mobile\" style=\"height:4rem\"><\/div><\/div>\n<\/div><\/div>\n","protected":false},"excerpt":{"rendered":"","protected":false},"author":4,"featured_media":62,"parent":0,"menu_order":1,"comment_status":"closed","ping_status":"closed","template":"_g3\/index-home.php","meta":{"_coblocks_attr":"","_coblocks_dimensions":"","_coblocks_responsive_height":"","_coblocks_accordion_ie_support":"","ub_ctt_via":"","footnotes":""},"featured_image_src":"https:\/\/oiea.jp\/vn\/wp\/wp-content\/uploads\/2022\/03\/1.jpg","_links":{"self":[{"href":"https:\/\/oiea.jp\/vn\/wp-json\/wp\/v2\/pages\/15"}],"collection":[{"href":"https:\/\/oiea.jp\/vn\/wp-json\/wp\/v2\/pages"}],"about":[{"href":"https:\/\/oiea.jp\/vn\/wp-json\/wp\/v2\/types\/page"}],"author":[{"embeddable":true,"href":"https:\/\/oiea.jp\/vn\/wp-json\/wp\/v2\/users\/4"}],"replies":[{"embeddable":true,"href":"https:\/\/oiea.jp\/vn\/wp-json\/wp\/v2\/comments?post=15"}],"version-history":[{"count":40,"href":"https:\/\/oiea.jp\/vn\/wp-json\/wp\/v2\/pages\/15\/revisions"}],"predecessor-version":[{"id":1638,"href":"https:\/\/oiea.jp\/vn\/wp-json\/wp\/v2\/pages\/15\/revisions\/1638"}],"wp:featuredmedia":[{"embeddable":true,"href":"https:\/\/oiea.jp\/vn\/wp-json\/wp\/v2\/media\/62"}],"wp:attachment":[{"href":"https:\/\/oiea.jp\/vn\/wp-json\/wp\/v2\/media?parent=15"}],"curies":[{"name":"wp","href":"https:\/\/api.w.org\/{rel}","templated":true}]}}