{"id":624,"date":"2022-07-05T14:09:05","date_gmt":"2022-07-05T05:09:05","guid":{"rendered":"https:\/\/oiea.jp\/po\/wp\/?page_id=624"},"modified":"2026-02-06T14:01:36","modified_gmt":"2026-02-06T05:01:36","slug":"sister_city","status":"publish","type":"page","link":"https:\/\/oiea.jp\/po\/sister_city\/","title":{"rendered":"Cidade Irm\u00e3"},"content":{"rendered":"<div class=\"wp-block-image\">\n<figure class=\"aligncenter size-full\"><img src=\"https:\/\/oiea.jp\/wp\/wp-content\/uploads\/2022\/06\/okayadori.jpg\" alt=\"\" class=\"wp-image-612\"\/><\/figure><\/div>\n\n\n<h2 class=\"is-style-vk-heading-solid_bottomborder_black\"><strong>Mount Pleasant, Michigan, Estados Unidos da Am\u00e9rica<\/strong><\/h2>\n\n\n\n<p>A Universidade Central de Michigan est\u00e1 localizada na Cidade de Mount Pleasant, uma linda cidade com natureza abundante. <br>A correspond\u00eancia entre duas meninas do ensino m\u00e9dio foi um ponto important\u00edssimo nessa conex\u00e3o como cidade irm\u00e3 oficializada no ano de 1965. Em 2015, comemoramos o 50\u00ba anivers\u00e1rio da uni\u00e3o entre a Cidade de Okaya e a Cidade Mount Pleasant como cidades irm\u00e3s.<\/p>\n\n\n\n<div class=\"wp-block-vk-blocks-spacer vk_spacer\"><div class=\"vk_spacer-display-pc\" style=\"height:4rem\"><\/div><div class=\"vk_spacer-display-tablet\" style=\"height:4rem\"><\/div><div class=\"vk_spacer-display-mobile\" style=\"height:4rem\"><\/div><\/div>\n","protected":false},"excerpt":{"rendered":"<p>Mount Pleasant, Michigan, Estados Unidos da Am\u00e9rica A Universidade Central de Michigan est\u00e1 localizada na Cida [&hellip;]<\/p>\n","protected":false},"author":2,"featured_media":612,"parent":0,"menu_order":6,"comment_status":"closed","ping_status":"closed","template":"","meta":{"_coblocks_attr":"","_coblocks_dimensions":"","_coblocks_responsive_height":"","_coblocks_accordion_ie_support":"","ub_ctt_via":""},"featured_image_src":null,"_links":{"self":[{"href":"https:\/\/oiea.jp\/po\/wp-json\/wp\/v2\/pages\/624"}],"collection":[{"href":"https:\/\/oiea.jp\/po\/wp-json\/wp\/v2\/pages"}],"about":[{"href":"https:\/\/oiea.jp\/po\/wp-json\/wp\/v2\/types\/page"}],"author":[{"embeddable":true,"href":"https:\/\/oiea.jp\/po\/wp-json\/wp\/v2\/users\/2"}],"replies":[{"embeddable":true,"href":"https:\/\/oiea.jp\/po\/wp-json\/wp\/v2\/comments?post=624"}],"version-history":[{"count":7,"href":"https:\/\/oiea.jp\/po\/wp-json\/wp\/v2\/pages\/624\/revisions"}],"predecessor-version":[{"id":1179,"href":"https:\/\/oiea.jp\/po\/wp-json\/wp\/v2\/pages\/624\/revisions\/1179"}],"wp:featuredmedia":[{"embeddable":true,"href":"https:\/\/oiea.jp\/po\/wp-json\/"}],"wp:attachment":[{"href":"https:\/\/oiea.jp\/po\/wp-json\/wp\/v2\/media?parent=624"}],"curies":[{"name":"wp","href":"https:\/\/api.w.org\/{rel}","templated":true}]}}