{"id":620,"date":"2022-07-05T12:17:56","date_gmt":"2022-07-05T03:17:56","guid":{"rendered":"https:\/\/oiea.jp\/po\/wp\/?page_id=620"},"modified":"2025-04-01T14:05:47","modified_gmt":"2025-04-01T05:05:47","slug":"staff","status":"publish","type":"page","link":"https:\/\/oiea.jp\/po\/about_center\/staff\/","title":{"rendered":"Apresenta\u00e7\u00e3o dos Funcion\u00e1rios"},"content":{"rendered":"\n<h2>Funcion\u00e1rios<\/h2>\n\n\n\n<h3><strong>Itsuki Iida<\/strong><\/h3>\n\n\n\n<div class=\"wp-container-3 wp-block-columns pt-0\">\n<div class=\"wp-container-1 wp-block-column is-vertically-aligned-center\"><div class=\"wp-block-image\">\n<figure class=\"aligncenter size-full is-resized\"><img loading=\"lazy\" src=\"https:\/\/oiea.jp\/po\/wp\/wp-content\/uploads\/2023\/06\/\u98ef\u7530\u3000\u3044\u3064\u304d-20232.jpg\" alt=\"\" class=\"wp-image-919\" width=\"219\" height=\"260\" srcset=\"https:\/\/oiea.jp\/po\/wp\/wp-content\/uploads\/2023\/06\/\u98ef\u7530\u3000\u3044\u3064\u304d-20232.jpg 471w, https:\/\/oiea.jp\/po\/wp\/wp-content\/uploads\/2023\/06\/\u98ef\u7530\u3000\u3044\u3064\u304d-20232-252x300.jpg 252w\" sizes=\"(max-width: 219px) 100vw, 219px\" \/><\/figure><\/div><\/div>\n\n\n\n<div class=\"wp-container-2 wp-block-column is-vertically-aligned-center\" style=\"flex-basis:75%\">\n<p><strong>Respons\u00e1vel Geral \/ Consultor(a)<\/strong><\/p>\n\n\n\n<p>\u3000N\u00f3s planejamos eventos e recebemos consultas dos estrangeiros residentes na Cidade de Okaya. Espero que possamos juntos fazer com que essa seja como sua segunda terra natal, divertida e sem inconvenientes!<\/p>\n<\/div>\n<\/div>\n\n\n\n<hr class=\"wp-block-separator has-css-opacity\"\/>\n\n\n\n<div class=\"wp-block-vk-blocks-spacer vk_spacer\"><div class=\"vk_spacer-display-pc\" style=\"height:4rem\"><\/div><div class=\"vk_spacer-display-tablet\" style=\"height:4rem\"><\/div><div class=\"vk_spacer-display-mobile\" style=\"height:4rem\"><\/div><\/div>\n\n\n\n<h3>Jared Stanford<\/h3>\n\n\n\n<div class=\"wp-container-6 wp-block-columns pt-0\">\n<div class=\"wp-container-4 wp-block-column is-vertically-aligned-center\"><div class=\"wp-block-image\">\n<figure class=\"aligncenter size-full\"><img loading=\"lazy\" width=\"409\" height=\"436\" src=\"https:\/\/oiea.jp\/po\/wp\/wp-content\/uploads\/2024\/04\/Jared.jpg\" alt=\"\" class=\"wp-image-1088\" srcset=\"https:\/\/oiea.jp\/po\/wp\/wp-content\/uploads\/2024\/04\/Jared.jpg 409w, https:\/\/oiea.jp\/po\/wp\/wp-content\/uploads\/2024\/04\/Jared-281x300.jpg 281w\" sizes=\"(max-width: 409px) 100vw, 409px\" \/><\/figure><\/div><\/div>\n\n\n\n<div class=\"wp-container-5 wp-block-column\" style=\"flex-basis:75%\">\n<p><strong>Coordenador(a) de Rela\u00e7\u00f5es Internacionais<\/strong><br>Quiora! Ol\u00e1! Sou Jared Stanford, Coordenador de Rela\u00e7\u00f5es Internacionais. Nasci na Nova Zel\u00e2ndia e sou apaixonado por Interc\u00e2mbio Cultural. Visando a promo\u00e7\u00e3o da Coexist\u00eancia Multicultural e Compreens\u00e3o Internacional entre os japoneses e estrangeiros residentes da cidade de Okaya, sou respons\u00e1vel por in\u00fameras atividades como eventos de interc\u00e2mbio internacional, visitas a institui\u00e7\u00f5es educacionais, palestras sobre idioma estrangeiro, palestras sobre cultura estrangeira, servi\u00e7os de tradu\u00e7\u00e3o e int\u00e9rprete, dentre outros. Aos interessados em utilizar o sistema de Utiliza\u00e7\u00e3o do Coordenador de Rela\u00e7\u00f5es Internacionais (CIR), favor preencher o formul\u00e1rio de solicita\u00e7\u00e3o de utiliza\u00e7\u00e3o e enviar via FAX ou correios para o Centro Internacional de Okaya (OIC).<\/p>\n<\/div>\n<\/div>\n\n\n\n<hr class=\"wp-block-separator has-css-opacity\"\/>\n\n\n\n<div class=\"wp-block-vk-blocks-spacer vk_spacer\"><div class=\"vk_spacer-display-pc\" style=\"height:4rem\"><\/div><div class=\"vk_spacer-display-tablet\" style=\"height:4rem\"><\/div><div class=\"vk_spacer-display-mobile\" style=\"height:4rem\"><\/div><\/div>\n\n\n\n<h3><strong>Kenji Kawanishi<\/strong><\/h3>\n\n\n\n<div class=\"wp-container-9 wp-block-columns pt-0\">\n<div class=\"wp-container-7 wp-block-column is-vertically-aligned-center\"><div class=\"wp-block-image\">\n<figure class=\"aligncenter size-full is-resized\"><img loading=\"lazy\" src=\"https:\/\/oiea.jp\/po\/wp\/wp-content\/uploads\/2023\/06\/\u5ddd\u897f\u30b1\u30f3\u30b8-2023.jpg\" alt=\"\" class=\"wp-image-897\" width=\"214\" height=\"269\" srcset=\"https:\/\/oiea.jp\/po\/wp\/wp-content\/uploads\/2023\/06\/\u5ddd\u897f\u30b1\u30f3\u30b8-2023.jpg 391w, https:\/\/oiea.jp\/po\/wp\/wp-content\/uploads\/2023\/06\/\u5ddd\u897f\u30b1\u30f3\u30b8-2023-239x300.jpg 239w\" sizes=\"(max-width: 214px) 100vw, 214px\" \/><\/figure><\/div><\/div>\n\n\n\n<div class=\"wp-container-8 wp-block-column is-vertically-aligned-center\" style=\"flex-basis:75%\">\n<p><strong>Consultor(a) Multil\u00edngue \u2013 Auxiliar Escolar Multil\u00edngue [Idioma: Portugu\u00eas]<\/strong><\/p>\n\n\n\n<p>\u3000Me comprometo a contribuir com o cotidiano dos estrangeiros residentes da Cidade de Okaya com profissionalismo, excluindo os sentimentos de orgulho desnecess\u00e1rios, atendendo a todos de forma amig\u00e1vel e eficiente, a fim de que seja poss\u00edvel oferecer o suporte necess\u00e1rio para que todos possam viver com tranquilidade nesta cidade.<\/p>\n<\/div>\n<\/div>\n\n\n\n<div class=\"wp-block-vk-blocks-spacer vk_spacer\"><div class=\"vk_spacer-display-pc\" style=\"height:4rem\"><\/div><div class=\"vk_spacer-display-tablet\" style=\"height:4rem\"><\/div><div class=\"vk_spacer-display-mobile\" style=\"height:4rem\"><\/div><\/div>\n\n\n\n<hr class=\"wp-block-separator has-css-opacity\"\/>\n\n\n\n<h3><strong>Jocelyn Kikuchi<\/strong><\/h3>\n\n\n\n<div class=\"wp-container-12 wp-block-columns pt-0\">\n<div class=\"wp-container-10 wp-block-column is-vertically-aligned-center\"><div class=\"wp-block-image\">\n<figure class=\"aligncenter size-full is-resized\"><img loading=\"lazy\" src=\"https:\/\/oiea.jp\/po\/wp\/wp-content\/uploads\/2023\/06\/\u83ca\u6c60\u3000\u30b8\u30e7\u30bb\u30ea\u30f3-2023.jpg\" alt=\"\" class=\"wp-image-899\" width=\"216\" height=\"245\" srcset=\"https:\/\/oiea.jp\/po\/wp\/wp-content\/uploads\/2023\/06\/\u83ca\u6c60\u3000\u30b8\u30e7\u30bb\u30ea\u30f3-2023.jpg 477w, https:\/\/oiea.jp\/po\/wp\/wp-content\/uploads\/2023\/06\/\u83ca\u6c60\u3000\u30b8\u30e7\u30bb\u30ea\u30f3-2023-263x300.jpg 263w\" sizes=\"(max-width: 216px) 100vw, 216px\" \/><\/figure><\/div><\/div>\n\n\n\n<div class=\"wp-container-11 wp-block-column is-vertically-aligned-center\" style=\"flex-basis:75%\">\n<p><strong>Auxiliar Escolar Multil\u00edngue [Idioma: Filipino]<\/strong><\/p>\n\n\n\n<p>\u3000Sou a auxiliar escolar multil\u00edngue Kikuchi. Fico emocionada vivenciando o crescimento e desenvolvimento dessas lindas crian\u00e7as que se esfor\u00e7am muito mesmo em meio \u00e0s diferen\u00e7as no cotidiano escolar, diferen\u00e7as culturais, al\u00e9m da diferen\u00e7a no idioma em compara\u00e7\u00e3o aos seus pa\u00edses de origem.<\/p>\n<\/div>\n<\/div>\n\n\n\n<hr class=\"wp-block-separator has-css-opacity\"\/>\n\n\n\n<div class=\"wp-block-vk-blocks-spacer vk_spacer\"><div class=\"vk_spacer-display-pc\" style=\"height:4rem\"><\/div><div class=\"vk_spacer-display-tablet\" style=\"height:4rem\"><\/div><div class=\"vk_spacer-display-mobile\" style=\"height:4rem\"><\/div><\/div>\n","protected":false},"excerpt":{"rendered":"<p>\u3000<\/p>\n","protected":false},"author":2,"featured_media":133,"parent":549,"menu_order":2,"comment_status":"closed","ping_status":"closed","template":"","meta":{"_coblocks_attr":"","_coblocks_dimensions":"","_coblocks_responsive_height":"","_coblocks_accordion_ie_support":"","ub_ctt_via":""},"featured_image_src":"https:\/\/oiea.jp\/po\/wp\/wp-content\/uploads\/2022\/03\/oiea_staff_iida.jpg","_links":{"self":[{"href":"https:\/\/oiea.jp\/po\/wp-json\/wp\/v2\/pages\/620"}],"collection":[{"href":"https:\/\/oiea.jp\/po\/wp-json\/wp\/v2\/pages"}],"about":[{"href":"https:\/\/oiea.jp\/po\/wp-json\/wp\/v2\/types\/page"}],"author":[{"embeddable":true,"href":"https:\/\/oiea.jp\/po\/wp-json\/wp\/v2\/users\/2"}],"replies":[{"embeddable":true,"href":"https:\/\/oiea.jp\/po\/wp-json\/wp\/v2\/comments?post=620"}],"version-history":[{"count":18,"href":"https:\/\/oiea.jp\/po\/wp-json\/wp\/v2\/pages\/620\/revisions"}],"predecessor-version":[{"id":1144,"href":"https:\/\/oiea.jp\/po\/wp-json\/wp\/v2\/pages\/620\/revisions\/1144"}],"up":[{"embeddable":true,"href":"https:\/\/oiea.jp\/po\/wp-json\/wp\/v2\/pages\/549"}],"wp:featuredmedia":[{"embeddable":true,"href":"https:\/\/oiea.jp\/po\/wp-json\/wp\/v2\/media\/133"}],"wp:attachment":[{"href":"https:\/\/oiea.jp\/po\/wp-json\/wp\/v2\/media?parent=620"}],"curies":[{"name":"wp","href":"https:\/\/api.w.org\/{rel}","templated":true}]}}