{"id":549,"date":"2022-06-29T12:31:34","date_gmt":"2022-06-29T03:31:34","guid":{"rendered":"https:\/\/oiea.jp\/po\/wp\/?page_id=549"},"modified":"2022-07-29T11:47:20","modified_gmt":"2022-07-29T02:47:20","slug":"about_center","status":"publish","type":"page","link":"https:\/\/oiea.jp\/po\/about_center\/","title":{"rendered":"Sobre o Centro Internacional de Okaya"},"content":{"rendered":"\n<div class=\"veu_childPage_list veu_childPageIndex_block  veu_childPageIndex_block \">\n<a href=\"https:\/\/oiea.jp\/po\/about_center\/access\/\" class=\"childPage_list_box veu_card\"><div class=\"childPage_list_box_inner veu_card_inner\"><h3 class=\"childPage_list_title veu_card_title\">Informa\u00e7\u00f5es Gerais e Acesso<\/h3><div class=\"childPage_list_body\"><img width=\"150\" height=\"150\" src=\"https:\/\/oiea.jp\/po\/wp\/wp-content\/uploads\/2022\/07\/consultation-150x150.jpg\" class=\"attachment-thumbnail size-thumbnail wp-post-image\" alt=\"\" loading=\"lazy\" \/><p class=\"childPage_list_text\">\u3000<\/p><span class=\"childPage_list_more btn btn-primary btn-sm\">\u226b Verificar todo o Conte\u00fado<\/span><\/div><\/div><\/a>\n<a href=\"https:\/\/oiea.jp\/po\/about_center\/staff\/\" class=\"childPage_list_box veu_card\"><div class=\"childPage_list_box_inner veu_card_inner\"><h3 class=\"childPage_list_title veu_card_title\">Apresenta\u00e7\u00e3o dos Funcion\u00e1rios<\/h3><div class=\"childPage_list_body\"><img width=\"150\" height=\"137\" src=\"https:\/\/oiea.jp\/po\/wp\/wp-content\/uploads\/2022\/03\/oiea_staff_iida-150x137.jpg\" class=\"attachment-thumbnail size-thumbnail wp-post-image\" alt=\"\" loading=\"lazy\" \/><p class=\"childPage_list_text\">\u3000<\/p><span class=\"childPage_list_more btn btn-primary btn-sm\">\u226b Verificar todo o Conte\u00fado<\/span><\/div><\/div><\/a>\n\n<\/div><!-- [ \/.veu_childPage_list ] -->\n\n\n\n<div class=\"wp-block-vk-blocks-spacer vk_spacer\"><div class=\"vk_spacer-display-pc\" style=\"height:4rem\"><\/div><div class=\"vk_spacer-display-tablet\" style=\"height:4rem\"><\/div><div class=\"vk_spacer-display-mobile\" style=\"height:4rem\"><\/div><\/div>\n","protected":false},"excerpt":{"rendered":"","protected":false},"author":2,"featured_media":0,"parent":0,"menu_order":5,"comment_status":"closed","ping_status":"closed","template":"","meta":{"_coblocks_attr":"","_coblocks_dimensions":"","_coblocks_responsive_height":"","_coblocks_accordion_ie_support":"","ub_ctt_via":""},"featured_image_src":null,"_links":{"self":[{"href":"https:\/\/oiea.jp\/po\/wp-json\/wp\/v2\/pages\/549"}],"collection":[{"href":"https:\/\/oiea.jp\/po\/wp-json\/wp\/v2\/pages"}],"about":[{"href":"https:\/\/oiea.jp\/po\/wp-json\/wp\/v2\/types\/page"}],"author":[{"embeddable":true,"href":"https:\/\/oiea.jp\/po\/wp-json\/wp\/v2\/users\/2"}],"replies":[{"embeddable":true,"href":"https:\/\/oiea.jp\/po\/wp-json\/wp\/v2\/comments?post=549"}],"version-history":[{"count":3,"href":"https:\/\/oiea.jp\/po\/wp-json\/wp\/v2\/pages\/549\/revisions"}],"predecessor-version":[{"id":636,"href":"https:\/\/oiea.jp\/po\/wp-json\/wp\/v2\/pages\/549\/revisions\/636"}],"wp:attachment":[{"href":"https:\/\/oiea.jp\/po\/wp-json\/wp\/v2\/media?parent=549"}],"curies":[{"name":"wp","href":"https:\/\/api.w.org\/{rel}","templated":true}]}}