{"id":526,"date":"2022-06-29T12:15:17","date_gmt":"2022-06-29T03:15:17","guid":{"rendered":"https:\/\/oiea.jp\/po\/wp\/?page_id=526"},"modified":"2022-07-25T12:02:55","modified_gmt":"2022-07-25T03:02:55","slug":"services","status":"publish","type":"page","link":"https:\/\/oiea.jp\/po\/services\/","title":{"rendered":"Servi\u00e7os"},"content":{"rendered":"\n<div class=\"veu_childPage_list veu_childPageIndex_block  veu_childPageIndex_block \">\n<a href=\"https:\/\/oiea.jp\/po\/services\/jplangschool\/\" class=\"childPage_list_box veu_card\"><div class=\"childPage_list_box_inner veu_card_inner\"><h3 class=\"childPage_list_title veu_card_title\">Classes de Japon\u00eas<\/h3><div class=\"childPage_list_body\"><img width=\"150\" height=\"150\" src=\"https:\/\/oiea.jp\/po\/wp\/wp-content\/uploads\/2022\/07\/\u65e5\u672c\u8a9e\u6559\u5ba4\u3000\u65b0\u5199\u771f-150x150.jpg\" class=\"attachment-thumbnail size-thumbnail wp-post-image\" alt=\"\" loading=\"lazy\" \/><p class=\"childPage_list_text\">\u3000<\/p><span class=\"childPage_list_more btn btn-primary btn-sm\">\u226b Verificar todo o Conte\u00fado<\/span><\/div><\/div><\/a>\n<a href=\"https:\/\/oiea.jp\/po\/services\/consultations\/\" class=\"childPage_list_box veu_card\"><div class=\"childPage_list_box_inner veu_card_inner\"><h3 class=\"childPage_list_title veu_card_title\">Consultas, Tradu\u00e7\u00f5es e Int\u00e9rprete<\/h3><div class=\"childPage_list_body\"><img width=\"150\" height=\"150\" src=\"https:\/\/oiea.jp\/po\/wp\/wp-content\/uploads\/2022\/07\/trunsration-150x150.jpg\" class=\"attachment-thumbnail size-thumbnail wp-post-image\" alt=\"\" loading=\"lazy\" \/><p class=\"childPage_list_text\">\u3000<\/p><span class=\"childPage_list_more btn btn-primary btn-sm\">\u226b Verificar todo o Conte\u00fado<\/span><\/div><\/div><\/a>\n\n<\/div><!-- [ \/.veu_childPage_list ] -->\n\n\n\n<div class=\"wp-block-vk-blocks-spacer vk_spacer\"><div class=\"vk_spacer-display-pc\" style=\"height:4rem\"><\/div><div class=\"vk_spacer-display-tablet\" style=\"height:4rem\"><\/div><div class=\"vk_spacer-display-mobile\" style=\"height:4rem\"><\/div><\/div>\n","protected":false},"excerpt":{"rendered":"","protected":false},"author":2,"featured_media":0,"parent":0,"menu_order":3,"comment_status":"closed","ping_status":"closed","template":"","meta":{"_coblocks_attr":"","_coblocks_dimensions":"","_coblocks_responsive_height":"","_coblocks_accordion_ie_support":"","ub_ctt_via":""},"featured_image_src":null,"_links":{"self":[{"href":"https:\/\/oiea.jp\/po\/wp-json\/wp\/v2\/pages\/526"}],"collection":[{"href":"https:\/\/oiea.jp\/po\/wp-json\/wp\/v2\/pages"}],"about":[{"href":"https:\/\/oiea.jp\/po\/wp-json\/wp\/v2\/types\/page"}],"author":[{"embeddable":true,"href":"https:\/\/oiea.jp\/po\/wp-json\/wp\/v2\/users\/2"}],"replies":[{"embeddable":true,"href":"https:\/\/oiea.jp\/po\/wp-json\/wp\/v2\/comments?post=526"}],"version-history":[{"count":4,"href":"https:\/\/oiea.jp\/po\/wp-json\/wp\/v2\/pages\/526\/revisions"}],"predecessor-version":[{"id":632,"href":"https:\/\/oiea.jp\/po\/wp-json\/wp\/v2\/pages\/526\/revisions\/632"}],"wp:attachment":[{"href":"https:\/\/oiea.jp\/po\/wp-json\/wp\/v2\/media?parent=526"}],"curies":[{"name":"wp","href":"https:\/\/api.w.org\/{rel}","templated":true}]}}