{"id":39,"date":"2022-03-18T13:23:09","date_gmt":"2022-03-18T04:23:09","guid":{"rendered":"https:\/\/oiea.jp\/po\/wp\/?page_id=39"},"modified":"2022-10-26T10:14:17","modified_gmt":"2022-10-26T01:14:17","slug":"contact_us","status":"publish","type":"page","link":"https:\/\/oiea.jp\/po\/contact_us\/","title":{"rendered":"Informa\u00e7\u00f5es de Contato"},"content":{"rendered":"<div class=\"wp-block-image\">\n<figure class=\"aligncenter size-full\"><img loading=\"lazy\" width=\"514\" height=\"269\" src=\"https:\/\/oiea.jp\/po\/wp\/wp-content\/uploads\/2022\/10\/contactus.jpg\" alt=\"\" class=\"wp-image-785\" srcset=\"https:\/\/oiea.jp\/po\/wp\/wp-content\/uploads\/2022\/10\/contactus.jpg 514w, https:\/\/oiea.jp\/po\/wp\/wp-content\/uploads\/2022\/10\/contactus-300x157.jpg 300w\" sizes=\"(max-width: 514px) 100vw, 514px\" \/><\/figure><\/div>\n\n\n<div class=\"wp-block-vk-blocks-spacer vk_spacer\"><div class=\"vk_spacer-display-pc\" style=\"height:2rem\"><\/div><div class=\"vk_spacer-display-tablet\" style=\"height:2rem\"><\/div><div class=\"vk_spacer-display-mobile\" style=\"height:2rem\"><\/div><\/div>\n\n\n\n<h2 class=\"is-style-vk-heading-solid_bottomborder_black\">Para maiores informa\u00e7\u00f5es<\/h2>\n\n\n\n<p class=\"mb-0\">CEP:394-0029 Nagano-ken Okaya-shi Saiwai-cho 8-1, Antigo Pr\u00e9dio da Prefeitura.<br>TEL 0266-24-3226&nbsp;<br>FAX 0266-24-3229&nbsp;<\/p>\n\n\n\n<figure class=\"wp-block-image size-full mb-2 img-inline\" id=\"block-96624fa4-8812-4514-9d9d-3347f1026558\"><a href=\"mailto:oiea@oiea.jp\"><img loading=\"lazy\" width=\"121\" height=\"17\" src=\"https:\/\/oiea.jp\/po\/wp\/wp-content\/uploads\/2022\/10\/emailaddress.gif\" alt=\"\" class=\"wp-image-778\"\/><\/a><\/figure>\n\n\n\n<p id=\"block-f4e3861a-47f1-47b9-ab1b-35853b875e08\">URL: <a href=\"http:\/\/www.oiea.jp\/\">https:\/\/www.oiea.jp<\/a><\/p>\n\n\n\n<div class=\"wp-block-vk-blocks-spacer vk_spacer\"><div class=\"vk_spacer-display-pc\" style=\"height:4rem\"><\/div><div class=\"vk_spacer-display-tablet\" style=\"height:4rem\"><\/div><div class=\"vk_spacer-display-mobile\" style=\"height:4rem\"><\/div><\/div>\n","protected":false},"excerpt":{"rendered":"<p>Para maiores informa\u00e7\u00f5es CEP:394-0029 Nagano-ken Okaya-shi Saiwai-cho 8-1, Antigo Pr\u00e9dio da Prefeitura.TEL 026 [&hellip;]<\/p>\n","protected":false},"author":2,"featured_media":785,"parent":0,"menu_order":7,"comment_status":"closed","ping_status":"closed","template":"","meta":{"_coblocks_attr":"","_coblocks_dimensions":"","_coblocks_responsive_height":"","_coblocks_accordion_ie_support":"","ub_ctt_via":""},"featured_image_src":"https:\/\/oiea.jp\/po\/wp\/wp-content\/uploads\/2022\/10\/contactus.jpg","_links":{"self":[{"href":"https:\/\/oiea.jp\/po\/wp-json\/wp\/v2\/pages\/39"}],"collection":[{"href":"https:\/\/oiea.jp\/po\/wp-json\/wp\/v2\/pages"}],"about":[{"href":"https:\/\/oiea.jp\/po\/wp-json\/wp\/v2\/types\/page"}],"author":[{"embeddable":true,"href":"https:\/\/oiea.jp\/po\/wp-json\/wp\/v2\/users\/2"}],"replies":[{"embeddable":true,"href":"https:\/\/oiea.jp\/po\/wp-json\/wp\/v2\/comments?post=39"}],"version-history":[{"count":14,"href":"https:\/\/oiea.jp\/po\/wp-json\/wp\/v2\/pages\/39\/revisions"}],"predecessor-version":[{"id":786,"href":"https:\/\/oiea.jp\/po\/wp-json\/wp\/v2\/pages\/39\/revisions\/786"}],"wp:featuredmedia":[{"embeddable":true,"href":"https:\/\/oiea.jp\/po\/wp-json\/wp\/v2\/media\/785"}],"wp:attachment":[{"href":"https:\/\/oiea.jp\/po\/wp-json\/wp\/v2\/media?parent=39"}],"curies":[{"name":"wp","href":"https:\/\/api.w.org\/{rel}","templated":true}]}}