{"id":33,"date":"2022-03-18T13:20:37","date_gmt":"2022-03-18T04:20:37","guid":{"rendered":"https:\/\/oiea.jp\/po\/wp\/?page_id=33"},"modified":"2022-10-27T13:26:00","modified_gmt":"2022-10-27T04:26:00","slug":"access","status":"publish","type":"page","link":"https:\/\/oiea.jp\/po\/about_center\/access\/","title":{"rendered":"Informa\u00e7\u00f5es Gerais e Acesso"},"content":{"rendered":"\n<h2>Sobre o Centro Internacional de Okaya<\/h2>\n\n\n<div class=\"wp-block-image\">\n<figure class=\"aligncenter size-full\"><img loading=\"lazy\" width=\"514\" height=\"269\" src=\"https:\/\/oiea.jp\/po\/wp\/wp-content\/uploads\/2022\/07\/consultation.jpg\" alt=\"\" class=\"wp-image-676\" srcset=\"https:\/\/oiea.jp\/po\/wp\/wp-content\/uploads\/2022\/07\/consultation.jpg 514w, https:\/\/oiea.jp\/po\/wp\/wp-content\/uploads\/2022\/07\/consultation-300x157.jpg 300w\" sizes=\"(max-width: 514px) 100vw, 514px\" \/><\/figure><\/div>\n\n\n<div class=\"wp-block-vk-blocks-spacer vk_spacer\"><div class=\"vk_spacer-display-pc\" style=\"height:4rem\"><\/div><div class=\"vk_spacer-display-tablet\" style=\"height:4rem\"><\/div><div class=\"vk_spacer-display-mobile\" style=\"height:4rem\"><\/div><\/div>\n\n\n\n<h3 class=\"is-style-vk-heading-background_fill_lightgray has-background\" style=\"background-color:#ecbe04a8\">Informa\u00e7\u00f5es Gerais do Centro Internacional de Okaya<\/h3>\n\n\n\n<figure class=\"wp-block-table\"><table><tbody><tr><th>Endere\u00e7o<\/th><td>CEP:394-0029 Nagano-ken Okaya-shi Saiwai-cho 8-1,<br>Antigo Pr\u00e9dio da Prefeitura.<\/td><\/tr><tr><th><strong><span class=\"text-nowrap\">Data de Funda\u00e7\u00e3o<\/span><\/strong><\/th><td>dia 10 de mar\u00e7o de 1992<\/td><\/tr><tr><th>Representante<\/th><td>Grupo de Promo\u00e7\u00e3o Cultural de Okaya Presidente: Sr. Toshio Iwadare\u3000<br>Centro Internacional de Okaya Diretor: Hiroyuki Osaka<\/td><\/tr><tr><th><span class=\"text-nowrap\">Prop\u00f3sito<\/span><\/th><td>O Centro Internacional de Okaya vem trabalhando visando, planejando e produzindo in\u00fameras atividades intercambiais dentre outros eventos multiculturais. Buscando e fornecendo informa\u00e7\u00f5es tanto internamente como externamente e ainda oferecendo servi\u00e7os de colsulta, estamos constantemente nos empenhando junto \u00e0\u3000empresas, grupos, organiza\u00e7\u00f5es, t\u00e3o bem como com os extrangeiros que aqui residem e toda comunidade residente do munic\u00edpio visando apoiar cada vez mais as atividades\u3000multiculturais em prol do bem estar de toda popula\u00e7\u00e3o, al\u00e9m de aumentar o conhecimento e a compreen\u00e7\u00e3o sobre as diferen\u00e7as culturais \u00e0 fim de que extrangeiros e japoneses convivam e desfrutem desta maravilha multicultural.<\/td><\/tr><\/tbody><\/table><\/figure>\n\n\n\n<div class=\"wp-block-vk-blocks-spacer vk_spacer\"><div class=\"vk_spacer-display-pc\" style=\"height:4rem\"><\/div><div class=\"vk_spacer-display-tablet\" style=\"height:4rem\"><\/div><div class=\"vk_spacer-display-mobile\" style=\"height:4rem\"><\/div><\/div>\n\n\n\n<h3 class=\"is-style-vk-heading-background_fill_lightgray has-background\" style=\"background-color:#ecbe04a8\">Logotipo<\/h3>\n\n\n\n<div class=\"wp-container-3 wp-block-columns\">\n<div class=\"wp-container-1 wp-block-column is-vertically-aligned-center\"><div class=\"wp-block-image\">\n<figure class=\"aligncenter\"><img src=\"https:\/\/www.oiea.jp\/about\/oiealogo.jpg\" alt=\"\"\/><\/figure><\/div><\/div>\n\n\n\n<div class=\"wp-container-2 wp-block-column is-vertically-aligned-center\" style=\"flex-basis:75%\">\n<p>Inspirado no verde do planeta Terra, e na inicial do Centro Internacional de Okaya (em ingl\u00eas-OIC Okaya International Center)<\/p>\n<\/div>\n<\/div>\n\n\n\n<div class=\"wp-block-vk-blocks-spacer vk_spacer\"><div class=\"vk_spacer-display-pc\" style=\"height:4rem\"><\/div><div class=\"vk_spacer-display-tablet\" style=\"height:4rem\"><\/div><div class=\"vk_spacer-display-mobile\" style=\"height:4rem\"><\/div><\/div>\n\n\n\n<h3 class=\"is-style-vk-heading-background_fill_lightgray has-background\" style=\"background-color:#ecbe04a8\">Organiza\u00e7\u00e3o<\/h3>\n\n\n\n<figure class=\"wp-block-table\"><table class=\"has-fixed-layout\"><tbody><tr><td>Escrit\u00f3rio<\/td><td>Diretor(a)---------------------------------------------1 pessoa<br>Respons\u00e1vel Geral \/ Consultor(a)-------------------1 pessoa<br>Coordenador(a) de Rela\u00e7\u00f5es Internacionais--------1 pessoa<br>Consultores(as) Aut\u00f4nomos(as)---------------------4 pessoas<\/td><\/tr><\/tbody><\/table><\/figure>\n\n\n\n<div class=\"wp-block-vk-blocks-spacer vk_spacer\"><div class=\"vk_spacer-display-pc\" style=\"height:4rem\"><\/div><div class=\"vk_spacer-display-tablet\" style=\"height:4rem\"><\/div><div class=\"vk_spacer-display-mobile\" style=\"height:4rem\"><\/div><\/div>\n\n\n\n<h3 class=\"is-style-vk-heading-background_fill_lightgray has-background\" style=\"background-color:#ecbe04a8\">Centro Internacional de Okaya<\/h3>\n\n\n\n<p class=\"mb-0\">CEP:394-0029 Nagano-ken Okaya-shi Saiwai-cho 8-1, Antigo Pr\u00e9dio da Prefeitura.<br>TEL 0266-24-3226&nbsp;<br>FAX 0266-24-3229&nbsp;<\/p>\n\n\n\n<figure class=\"wp-block-image mb-0 img-inline\" id=\"block-96624fa4-8812-4514-9d9d-3347f1026558\"><a href=\"mailto:oiea@oiea.jp\"><img src=\"https:\/\/oiea.jp\/po\/wp\/wp-content\/uploads\/2022\/10\/emailaddress.gif\" alt=\"\"\/><\/a><\/figure>\n\n\n\n<p id=\"block-f4e3861a-47f1-47b9-ab1b-35853b875e08\">URL: <a href=\"http:\/\/www.oiea.jp\/\">https:\/\/www.oiea.jp<\/a><\/p>\n\n\n\n<div class=\"wp-block-vk-blocks-spacer vk_spacer\"><div class=\"vk_spacer-display-pc\" style=\"height:4rem\"><\/div><div class=\"vk_spacer-display-tablet\" style=\"height:4rem\"><\/div><div class=\"vk_spacer-display-mobile\" style=\"height:4rem\"><\/div><\/div>\n\n\n\n<h3 class=\"is-style-vk-heading-background_fill_lightgray has-background\" style=\"background-color:#ecbe04a8\">Mapa de Acesso<\/h3>\n\n\n\n<iframe src=\"https:\/\/www.google.com\/maps\/embed?pb=!1m18!1m12!1m3!1d4947.916480860471!2d138.04595701833568!3d36.06791209227536!2m3!1f0!2f0!3f0!3m2!1i1024!2i768!4f13.1!3m3!1m2!1s0x601d002876953abb%3A0xade00dfb38b8fa48!2z5bKh6LC35biC5Zu96Zqb5Lqk5rWB44K744Oz44K_44O8!5e0!3m2!1sja!2sjp!4v1648031032959!5m2!1sja!2sjp\" width=\"1150\" height=\"450\" style=\"border:0;\" allowfullscreen=\"\" loading=\"lazy\"><\/iframe>\n\n\n\n<div class=\"wp-block-vk-blocks-spacer vk_spacer\"><div class=\"vk_spacer-display-pc\" style=\"height:4rem\"><\/div><div class=\"vk_spacer-display-tablet\" style=\"height:4rem\"><\/div><div class=\"vk_spacer-display-mobile\" style=\"height:4rem\"><\/div><\/div>\n","protected":false},"excerpt":{"rendered":"<p>\u3000<\/p>\n","protected":false},"author":2,"featured_media":676,"parent":549,"menu_order":1,"comment_status":"closed","ping_status":"closed","template":"","meta":{"_coblocks_attr":"","_coblocks_dimensions":"","_coblocks_responsive_height":"","_coblocks_accordion_ie_support":"","ub_ctt_via":""},"featured_image_src":"https:\/\/oiea.jp\/po\/wp\/wp-content\/uploads\/2022\/07\/consultation.jpg","_links":{"self":[{"href":"https:\/\/oiea.jp\/po\/wp-json\/wp\/v2\/pages\/33"}],"collection":[{"href":"https:\/\/oiea.jp\/po\/wp-json\/wp\/v2\/pages"}],"about":[{"href":"https:\/\/oiea.jp\/po\/wp-json\/wp\/v2\/types\/page"}],"author":[{"embeddable":true,"href":"https:\/\/oiea.jp\/po\/wp-json\/wp\/v2\/users\/2"}],"replies":[{"embeddable":true,"href":"https:\/\/oiea.jp\/po\/wp-json\/wp\/v2\/comments?post=33"}],"version-history":[{"count":21,"href":"https:\/\/oiea.jp\/po\/wp-json\/wp\/v2\/pages\/33\/revisions"}],"predecessor-version":[{"id":805,"href":"https:\/\/oiea.jp\/po\/wp-json\/wp\/v2\/pages\/33\/revisions\/805"}],"up":[{"embeddable":true,"href":"https:\/\/oiea.jp\/po\/wp-json\/wp\/v2\/pages\/549"}],"wp:featuredmedia":[{"embeddable":true,"href":"https:\/\/oiea.jp\/po\/wp-json\/wp\/v2\/media\/676"}],"wp:attachment":[{"href":"https:\/\/oiea.jp\/po\/wp-json\/wp\/v2\/media?parent=33"}],"curies":[{"name":"wp","href":"https:\/\/api.w.org\/{rel}","templated":true}]}}