{"id":321,"date":"2022-04-05T13:56:37","date_gmt":"2022-04-05T04:56:37","guid":{"rendered":"https:\/\/oiea.jp\/po\/wp\/?page_id=321"},"modified":"2022-07-26T14:55:04","modified_gmt":"2022-07-26T05:55:04","slug":"old","status":"publish","type":"page","link":"https:\/\/oiea.jp\/po\/archive\/old\/","title":{"rendered":"Hist\u00f3rico de Eventos"},"content":{"rendered":"<div class=\"wp-block-ub-tabbed-content wp-block-ub-tabbed-content-holder wp-block-ub-tabbed-content-horizontal-holder-mobile wp-block-ub-tabbed-content-horizontal-holder-tablet\" id=\"ub-tabbed-content-8128c0e9-1720-42c0-b32d-77e95358bc4f\">\n                <div class=\"wp-block-ub-tabbed-content-tab-holder horizontal-tab-width-mobile horizontal-tab-width-tablet\">\n                    <div role=\"tablist\" class=\"wp-block-ub-tabbed-content-tabs-title wp-block-ub-tabbed-content-tabs-title-mobile-horizontal-tab wp-block-ub-tabbed-content-tabs-title-tablet-horizontal-tab\"><div role=\"tab\" id=\"ub-tabbed-content-8128c0e9-1720-42c0-b32d-77e95358bc4f-tab-0\" aria-controls=\"ub-tabbed-content-8128c0e9-1720-42c0-b32d-77e95358bc4f-panel-0\"\n            aria-selected=\"true\" class = \"wp-block-ub-tabbed-content-tab-title-wrap active\" tabindex=\"-1\">\n            <div class=\"wp-block-ub-tabbed-content-tab-title\">2021<\/div><\/div><div role=\"tab\" id=\"ub-tabbed-content-8128c0e9-1720-42c0-b32d-77e95358bc4f-tab-1\" aria-controls=\"ub-tabbed-content-8128c0e9-1720-42c0-b32d-77e95358bc4f-panel-1\"\n            aria-selected=\"false\" class = \"wp-block-ub-tabbed-content-tab-title-wrap\" tabindex=\"-1\">\n            <div class=\"wp-block-ub-tabbed-content-tab-title\">2020<\/div><\/div><\/div><\/div>\n                <div class=\"wp-block-ub-tabbed-content-tabs-content\"><div role=\"tabpanel\" class=\"wp-block-ub-tabbed-content-tab-content-wrap active\"\n        id=\"ub-tabbed-content-8128c0e9-1720-42c0-b32d-77e95358bc4f-panel-0\" aria-labelledby=\"ub-tabbed-content-8128c0e9-1720-42c0-b32d-77e95358bc4f-tab-0\" tabindex=\"0\">\n<ul class=\"lcp_catlist\" id=\"lcp_instance_0\"><li>  10\/27\/2021<\/li><li><a href=\"https:\/\/oiea.jp\/po\/suporte-multilingue-a-vacinacao-fresc\/\" title=\"Suporte Multil\u00edngue \u00e0 Vacina\u00e7\u00e3o FRESC\"><img width=\"100\" height=\"100\" src=\"https:\/\/oiea.jp\/po\/wp\/wp-content\/uploads\/2022\/06\/default_thumbnail-150x150.jpg\" class=\"lcp_thumbnail wp-post-image\" alt=\"Suporte Multil\u00edngue \u00e0 Vacina\u00e7\u00e3o FRESC\" loading=\"lazy\" \/><\/a><a href=\"https:\/\/oiea.jp\/po\/suporte-multilingue-a-vacinacao-fresc\/\">Suporte Multil\u00edngue \u00e0 Vacina\u00e7\u00e3o FRESC<\/a><div class=\"lcp_excerpt\">\nO FRESC (Centro de Aux\u00edlio ao Residente Estrangeiro) iniciou o suporte para a reserva de ...<\/div><\/li><li>  09\/29\/2021<\/li><li><a href=\"https:\/\/oiea.jp\/po\/regras-para-jogar-lixo-na-cidade-de-okaya%ef%bc%88panfleto-multilingue%ef%bc%89\/\" title=\"Regras para jogar lixo na Cidade de Okaya\uff08Panfleto Multil\u00edngue\uff09\"><img width=\"100\" height=\"100\" src=\"https:\/\/oiea.jp\/po\/wp\/wp-content\/uploads\/2022\/06\/default_thumbnail-150x150.jpg\" class=\"lcp_thumbnail wp-post-image\" alt=\"Regras para jogar lixo na Cidade de Okaya\uff08Panfleto Multil\u00edngue\uff09\" loading=\"lazy\" \/><\/a><a href=\"https:\/\/oiea.jp\/po\/regras-para-jogar-lixo-na-cidade-de-okaya%ef%bc%88panfleto-multilingue%ef%bc%89\/\">Regras para jogar lixo na Cidade de Okaya\uff08Panfleto Multil\u00edngue\uff09<\/a><div class=\"lcp_excerpt\">\n\n\n\nSolicitamos a todos os residentes estrangeiros da Cidade de Okaya que sigam as instru\u00e7\u00f5es sobre ...<\/div><\/li><li>  07\/28\/2021<\/li><li><a href=\"https:\/\/oiea.jp\/po\/aviso-via-paginas-de-rede-sociais-sns-do-centro-de-consulta-multicultural-da-provincia-de-nagano\/\" title=\"Aviso via P\u00e1ginas de Rede Sociais (SNS) do Centro de Consulta Multicultural da Prov\u00edncia de Nagano.\"><img width=\"100\" height=\"100\" src=\"https:\/\/oiea.jp\/po\/wp\/wp-content\/uploads\/2022\/07\/Tabunka_Center_QR_Code-150x150.png\" class=\"lcp_thumbnail wp-post-image\" alt=\"Aviso via P\u00e1ginas de Rede Sociais (SNS) do Centro de Consulta Multicultural da Prov\u00edncia de Nagano.\" loading=\"lazy\" \/><\/a><a href=\"https:\/\/oiea.jp\/po\/aviso-via-paginas-de-rede-sociais-sns-do-centro-de-consulta-multicultural-da-provincia-de-nagano\/\">Aviso via P\u00e1ginas de Rede Sociais (SNS) do Centro de Consulta Multicultural da Prov\u00edncia de Nagano.<\/a><div class=\"lcp_excerpt\">\nO Centro de Consulta Multicultural da Prov\u00edncia de Nagano iniciou o compartilhamento de informa\u00e7\u00f5es (Assuntos ...<\/div><\/li><li>  06\/23\/2021<\/li><li><a href=\"https:\/\/oiea.jp\/po\/formulario-de-exame-medico-preliminar-para-a-vacina-contra-covid-19\/\" title=\"Formul\u00e1rio de exame m\u00e9dico preliminar para a vacina contra Covid-19\"><img width=\"100\" height=\"100\" src=\"https:\/\/oiea.jp\/po\/wp\/wp-content\/uploads\/2022\/07\/image-150x150.png\" class=\"lcp_thumbnail wp-post-image\" alt=\"Formul\u00e1rio de exame m\u00e9dico preliminar para a vacina contra Covid-19\" loading=\"lazy\" \/><\/a><a href=\"https:\/\/oiea.jp\/po\/formulario-de-exame-medico-preliminar-para-a-vacina-contra-covid-19\/\">Formul\u00e1rio de exame m\u00e9dico preliminar para a vacina contra Covid-19<\/a><div class=\"lcp_excerpt\">\n\n\n\nO minist\u00e9rio da sa\u00fade, trabalho e bem-estar est\u00e1 disponibilizando em sua p\u00e1gina na internet (Home ...<\/div><\/li><li>  04\/14\/2021<\/li><li><a href=\"https:\/\/oiea.jp\/po\/o-numero-da-central-de-atendimento-multilingue-sobre-covid-19-mudou\/\" title=\"O n\u00famero da Central de Atendimento Multil\u00edngue sobre COVID-19 mudou.\"><img width=\"100\" height=\"100\" src=\"https:\/\/oiea.jp\/po\/wp\/wp-content\/uploads\/2022\/06\/default_thumbnail-150x150.jpg\" class=\"lcp_thumbnail wp-post-image\" alt=\"O n\u00famero da Central de Atendimento Multil\u00edngue sobre COVID-19 mudou.\" loading=\"lazy\" \/><\/a><a href=\"https:\/\/oiea.jp\/po\/o-numero-da-central-de-atendimento-multilingue-sobre-covid-19-mudou\/\">O n\u00famero da Central de Atendimento Multil\u00edngue sobre COVID-19 mudou.<\/a><div class=\"lcp_excerpt\">\nCentral de Atendimento Multil\u00edngue sobre COVID-19\n\n\n\uff08NAGANO TAGENGO CALL CENTER\uff09\n\n\n\n\n\n\n\n\n\nNovo n\u00famero de telefone!!!\n\n\nAt\u00e9 o dia 31 ...<\/div><\/li><\/ul>\n\n<\/div><div role=\"tabpanel\" class=\"wp-block-ub-tabbed-content-tab-content-wrap ub-hide\"\n        id=\"ub-tabbed-content-8128c0e9-1720-42c0-b32d-77e95358bc4f-panel-1\" aria-labelledby=\"ub-tabbed-content-8128c0e9-1720-42c0-b32d-77e95358bc4f-tab-1\" tabindex=\"0\">\n<ul class=\"lcp_catlist\" id=\"lcp_instance_0\"><li>  10\/07\/2020<\/li><li><a href=\"https:\/\/oiea.jp\/po\/consulta-gratuita-itinerante-em-okaya\/\" title=\"Consulta Gratuita Itinerante em Okaya\"><img width=\"100\" height=\"100\" src=\"https:\/\/oiea.jp\/po\/wp\/wp-content\/uploads\/2022\/06\/default_thumbnail-150x150.jpg\" class=\"lcp_thumbnail wp-post-image\" alt=\"Consulta Gratuita Itinerante em Okaya\" loading=\"lazy\" \/><\/a><a href=\"https:\/\/oiea.jp\/po\/consulta-gratuita-itinerante-em-okaya\/\">Consulta Gratuita Itinerante em Okaya<\/a><div class=\"lcp_excerpt\">\nTem alguma consulta a fazer? O Centro de Consulta Multicultural ir\u00e1 realizar consultas gratuitas na ...<\/div><\/li><li>  07\/15\/2020<\/li><li><a href=\"https:\/\/oiea.jp\/po\/sobre-as-chuvas-fortes\/\" title=\"Sobre as Chuvas Fortes\"><img width=\"100\" height=\"100\" src=\"https:\/\/oiea.jp\/po\/wp\/wp-content\/uploads\/2022\/07\/tenki_boufuu-150x150.png\" class=\"lcp_thumbnail wp-post-image\" alt=\"Sobre as Chuvas Fortes\" loading=\"lazy\" \/><\/a><a href=\"https:\/\/oiea.jp\/po\/sobre-as-chuvas-fortes\/\">Sobre as Chuvas Fortes<\/a><div class=\"lcp_excerpt\">\n\n\n\nO Centro de Consulta Multicultural da Prov\u00edncia de Nagano (NAGANOKEN TABUNKA KYOUSEI SOUDAN SENTAA) disponibiliza ...<\/div><\/li><\/ul>\n\n<\/div><\/div>\n            <\/div>","protected":false},"excerpt":{"rendered":"<p>\u3000<\/p>\n","protected":false},"author":2,"featured_media":551,"parent":520,"menu_order":2,"comment_status":"closed","ping_status":"closed","template":"","meta":{"_coblocks_attr":"","_coblocks_dimensions":"","_coblocks_responsive_height":"","_coblocks_accordion_ie_support":"","ub_ctt_via":""},"featured_image_src":"https:\/\/oiea.jp\/po\/wp\/wp-content\/uploads\/2022\/06\/default_thumbnail.jpg","_links":{"self":[{"href":"https:\/\/oiea.jp\/po\/wp-json\/wp\/v2\/pages\/321"}],"collection":[{"href":"https:\/\/oiea.jp\/po\/wp-json\/wp\/v2\/pages"}],"about":[{"href":"https:\/\/oiea.jp\/po\/wp-json\/wp\/v2\/types\/page"}],"author":[{"embeddable":true,"href":"https:\/\/oiea.jp\/po\/wp-json\/wp\/v2\/users\/2"}],"replies":[{"embeddable":true,"href":"https:\/\/oiea.jp\/po\/wp-json\/wp\/v2\/comments?post=321"}],"version-history":[{"count":63,"href":"https:\/\/oiea.jp\/po\/wp-json\/wp\/v2\/pages\/321\/revisions"}],"predecessor-version":[{"id":684,"href":"https:\/\/oiea.jp\/po\/wp-json\/wp\/v2\/pages\/321\/revisions\/684"}],"up":[{"embeddable":true,"href":"https:\/\/oiea.jp\/po\/wp-json\/wp\/v2\/pages\/520"}],"wp:featuredmedia":[{"embeddable":true,"href":"https:\/\/oiea.jp\/po\/wp-json\/wp\/v2\/media\/551"}],"wp:attachment":[{"href":"https:\/\/oiea.jp\/po\/wp-json\/wp\/v2\/media?parent=321"}],"curies":[{"name":"wp","href":"https:\/\/api.w.org\/{rel}","templated":true}]}}