{"id":31,"date":"2022-03-18T13:20:06","date_gmt":"2022-03-18T04:20:06","guid":{"rendered":"https:\/\/oiea.jp\/po\/wp\/?page_id=31"},"modified":"2022-10-26T10:35:29","modified_gmt":"2022-10-26T01:35:29","slug":"news_letter","status":"publish","type":"page","link":"https:\/\/oiea.jp\/po\/news_letter\/","title":{"rendered":"Informa\u00e7\u00f5es \u00dateis"},"content":{"rendered":"\n<div class=\"wp-block-vk-blocks-heading\"><div class=\"vk_heading vk_heading-style-default\"><h2 class=\"vk_heading_title vk_heading_title-style-default\"><span>Boletim Informativo<\/span><\/h2><\/div><\/div>\n\n\n<div class=\"wp-block-image\">\n<figure class=\"aligncenter size-full\"><img src=\"https:\/\/oiea.jp\/wp\/wp-content\/uploads\/2022\/06\/newsletter.jpg\" alt=\"\" class=\"wp-image-594\"\/><\/figure><\/div>\n\n\n<p>O Centro Internacional de Okaya publica este boletim informativo dirigido aos cidad\u00e3os estrangeiros a cada esta\u00e7\u00e3o, 4 vezes por ano, com o fim de divulgar a cultura japonesa e transmitir diversas informa\u00e7\u00f5es \u00fateis ao cotidiano. (A publica\u00e7\u00e3o do Boletim Informativo est\u00e1 encerrada por tempo indeterminado.)<\/p>\n\n\n\n<div class=\"wp-block-vk-blocks-spacer vk_spacer\"><div class=\"vk_spacer-display-pc\" style=\"height:4rem\"><\/div><div class=\"vk_spacer-display-tablet\" style=\"height:4rem\"><\/div><div class=\"vk_spacer-display-mobile\" style=\"height:4rem\"><\/div><\/div>\n\n\n\n<p style=\"font-size:22px\"><strong>Temas Especiais<\/strong><\/p>\n\n\n\n<p><strong>Regras de Condu\u00e7\u00e3o de Bicicletas<\/strong><\/p>\n\n\n\n<figure class=\"wp-block-table\"><table><tbody><tr><td><a href=\"https:\/\/oiea.jp\/po\/wp\/wp-content\/uploads\/2022\/10\/Spring-2020_info_bicycles_\u30dd\u30eb\u30c8\u30ac\u30eb\u8a9e.pdf\" target=\"_blank\" rel=\"noreferrer noopener\">Portugu\u00eas<\/a><\/td><\/tr><tr><td><a href=\"https:\/\/oiea.jp\/po\/wp\/wp-content\/uploads\/2022\/10\/Spring-2020_info_bicycles_\u65e5\u672c\u8a9e.pdf\" target=\"_blank\" rel=\"noreferrer noopener\">Japon\u00eas<\/a><\/td><\/tr><tr><td><a href=\"https:\/\/oiea.jp\/po\/wp\/wp-content\/uploads\/2022\/10\/Spring-2020_info_bicycles_\u82f1\u8a9e.pdf\" target=\"_blank\" rel=\"noreferrer noopener\">Ingl\u00eas<\/a><\/td><\/tr><tr><td><a href=\"https:\/\/oiea.jp\/po\/wp\/wp-content\/uploads\/2022\/10\/Spring-2020_info_bicycles_\u4e2d\u56fd\u8a9e.pdf\" target=\"_blank\" rel=\"noreferrer noopener\">Chin\u00eas<\/a><\/td><\/tr><tr><td><a href=\"https:\/\/oiea.jp\/po\/wp\/wp-content\/uploads\/2022\/10\/Spring-2020_info_bicycles_\u30d9\u30c8\u30ca\u30e0\u8a9e.pdf\" target=\"_blank\" rel=\"noreferrer noopener\">Vietnamita<\/a><\/td><\/tr><tr><td><a href=\"https:\/\/oiea.jp\/po\/wp\/wp-content\/uploads\/2022\/10\/Spring-2020_info_bicycles_\u30a4\u30f3\u30c9\u30cd\u30b7\u30a2\u8a9e.pdf\" target=\"_blank\" rel=\"noreferrer noopener\">Indon\u00e9sio<\/a><\/td><\/tr><\/tbody><\/table><\/figure>\n\n\n\n<p><strong>Lei de Tr\u00e2nsito Rodovi\u00e1rio<\/strong><\/p>\n\n\n\n<figure class=\"wp-block-table\"><table><tbody><tr><td><a href=\"https:\/\/oiea.jp\/po\/wp\/wp-content\/uploads\/2022\/10\/Spring-2020_info_driving_\u30dd\u30eb\u30c8\u30ac\u30eb\u8a9e.pdf\" target=\"_blank\" rel=\"noreferrer noopener\">Portugu\u00eas<\/a><\/td><\/tr><tr><td><a href=\"https:\/\/oiea.jp\/po\/wp\/wp-content\/uploads\/2022\/10\/Spring-2020_info_driving_\u65e5\u672c\u8a9e.pdf\" target=\"_blank\" rel=\"noreferrer noopener\">Japon\u00eas<\/a><\/td><\/tr><tr><td><a href=\"https:\/\/oiea.jp\/po\/wp\/wp-content\/uploads\/2022\/10\/Spring-2020_info_driving_\u82f1\u8a9e.pdf\" target=\"_blank\" rel=\"noreferrer noopener\">Ingl\u00eas<\/a><\/td><\/tr><tr><td><a href=\"https:\/\/oiea.jp\/po\/wp\/wp-content\/uploads\/2022\/10\/Spring-2020_info_driving_\u4e2d\u56fd\u8a9e.pdf\" target=\"_blank\" rel=\"noreferrer noopener\">Chin\u00eas<\/a><\/td><\/tr><tr><td><a href=\"https:\/\/oiea.jp\/po\/wp\/wp-content\/uploads\/2022\/10\/Spring-2020_info_driving_\u30d9\u30c8\u30ca\u30e0\u8a9e.pdf\" target=\"_blank\" rel=\"noreferrer noopener\">Vietnamita<\/a><\/td><\/tr><tr><td><a href=\"https:\/\/oiea.jp\/po\/wp\/wp-content\/uploads\/2022\/10\/Spring-2020_info_driving_\u30a4\u30f3\u30c9\u30cd\u30b7\u30a2\u8a9e.pdf\" target=\"_blank\" rel=\"noreferrer noopener\">Indon\u00e9sio<\/a><\/td><\/tr><\/tbody><\/table><\/figure>\n\n\n\n<h3><strong>2020<\/strong><\/h3>\n\n\n\n<p>outono&nbsp;<a href=\"https:\/\/www.oiea.jp\/po\/docs\/Hello%20Okaya%20%28%E3%83%9D%E3%83%AB%E3%83%88%E3%82%AC%E3%83%AB%E8%AA%9E%29.pdf\">Hello Okaya (\u30dd\u30eb\u30c8\u30ac\u30eb\u8a9e).pdf<\/a><\/p>\n\n\n\n<p>verao&nbsp;<a href=\"https:\/\/www.oiea.jp\/po\/docs\/Hello%20Okaya%20%E3%83%9D%E3%83%AB%E3%83%88%E3%82%AC%E3%83%AB%E8%AA%9E.pdf\">Hello Okaya \u30dd\u30eb\u30c8\u30ac\u30eb\u8a9e.pdf<\/a><\/p>\n\n\n\n<p>primavera&nbsp;<a href=\"https:\/\/www.oiea.jp\/po\/docs\/Hello%20Okaya%28%E3%83%9D%E3%83%AB%E3%83%88%E3%82%AC%E3%83%AB%E8%AA%9E%29.pdf\">Hello Okaya(\u30dd\u30eb\u30c8\u30ac\u30eb\u8a9e).pdf<\/a><\/p>\n\n\n\n<div class=\"wp-block-vk-blocks-spacer vk_spacer\"><div class=\"vk_spacer-display-pc\" style=\"height:2rem\"><\/div><div class=\"vk_spacer-display-tablet\" style=\"height:2rem\"><\/div><div class=\"vk_spacer-display-mobile\" style=\"height:2rem\"><\/div><\/div>\n\n\n\n<h3><strong>2019<\/strong><\/h3>\n\n\n\n<p>outono&nbsp;<a href=\"https:\/\/www.oiea.jp\/po\/docs\/Hello%20Okaya%28%E3%83%9D%E3%83%AB%E3%83%88%E3%82%AC%E3%83%AB%E8%AA%9E%29.pdf\">Hello Okaya(\u30dd\u30eb\u30c8\u30ac\u30eb\u8a9e).pdf<\/a><\/p>\n\n\n\n<p>primavera&nbsp;<a href=\"https:\/\/www.oiea.jp\/po\/docs\/%E6%96%B0Hello%20Okaya%28%E3%83%9D%E3%83%AB%E3%83%88%E3%82%AC%E3%83%AB%E8%AA%9E%29.pdf\">\u65b0Hello Okaya(\u30dd\u30eb\u30c8\u30ac\u30eb\u8a9e).pdf<\/a><\/p>\n\n\n\n<p>inverno&nbsp;<a href=\"https:\/\/www.oiea.jp\/po\/docs\/Hello%20Okaya%28%E3%83%9D%E3%83%AB%E3%83%88%E3%82%AC%E3%83%AB%E8%AA%9E%EF%BC%89.pdf\">Hello Okaya(\u30dd\u30eb\u30c8\u30ac\u30eb\u8a9e\uff09.pdf<\/a><\/p>\n\n\n\n<div class=\"wp-block-vk-blocks-spacer vk_spacer\"><div class=\"vk_spacer-display-pc\" style=\"height:4rem\"><\/div><div class=\"vk_spacer-display-tablet\" style=\"height:4rem\"><\/div><div class=\"vk_spacer-display-mobile\" style=\"height:4rem\"><\/div><\/div>\n","protected":false},"excerpt":{"rendered":"<p>O Centro Internacional de Okaya publica este boletim informativo dirigido aos cidad\u00e3os estrangeiros a cada est [&hellip;]<\/p>\n","protected":false},"author":2,"featured_media":594,"parent":0,"menu_order":4,"comment_status":"closed","ping_status":"closed","template":"","meta":{"_coblocks_attr":"","_coblocks_dimensions":"","_coblocks_responsive_height":"","_coblocks_accordion_ie_support":"","ub_ctt_via":""},"featured_image_src":null,"_links":{"self":[{"href":"https:\/\/oiea.jp\/po\/wp-json\/wp\/v2\/pages\/31"}],"collection":[{"href":"https:\/\/oiea.jp\/po\/wp-json\/wp\/v2\/pages"}],"about":[{"href":"https:\/\/oiea.jp\/po\/wp-json\/wp\/v2\/types\/page"}],"author":[{"embeddable":true,"href":"https:\/\/oiea.jp\/po\/wp-json\/wp\/v2\/users\/2"}],"replies":[{"embeddable":true,"href":"https:\/\/oiea.jp\/po\/wp-json\/wp\/v2\/comments?post=31"}],"version-history":[{"count":18,"href":"https:\/\/oiea.jp\/po\/wp-json\/wp\/v2\/pages\/31\/revisions"}],"predecessor-version":[{"id":788,"href":"https:\/\/oiea.jp\/po\/wp-json\/wp\/v2\/pages\/31\/revisions\/788"}],"wp:featuredmedia":[{"embeddable":true,"href":"https:\/\/oiea.jp\/po\/wp-json\/"}],"wp:attachment":[{"href":"https:\/\/oiea.jp\/po\/wp-json\/wp\/v2\/media?parent=31"}],"curies":[{"name":"wp","href":"https:\/\/api.w.org\/{rel}","templated":true}]}}