{"id":27,"date":"2022-03-18T13:18:58","date_gmt":"2022-03-18T04:18:58","guid":{"rendered":"https:\/\/oiea.jp\/po\/wp\/?page_id=27"},"modified":"2025-12-04T14:03:58","modified_gmt":"2025-12-04T05:03:58","slug":"jplangschool","status":"publish","type":"page","link":"https:\/\/oiea.jp\/po\/services\/jplangschool\/","title":{"rendered":"Classes de Japon\u00eas"},"content":{"rendered":"\n<h2>Classe de Japon\u00eas<\/h2>\n\n\n<div class=\"wp-block-image\">\n<figure class=\"aligncenter size-large\"><img loading=\"lazy\" width=\"1024\" height=\"768\" src=\"https:\/\/oiea.jp\/po\/wp\/wp-content\/uploads\/2025\/12\/12\u67081\u65e5\u3000\uff11-1024x768.jpg\" alt=\"\" class=\"wp-image-1176\" srcset=\"https:\/\/oiea.jp\/po\/wp\/wp-content\/uploads\/2025\/12\/12\u67081\u65e5\u3000\uff11-1024x768.jpg 1024w, https:\/\/oiea.jp\/po\/wp\/wp-content\/uploads\/2025\/12\/12\u67081\u65e5\u3000\uff11-300x225.jpg 300w, https:\/\/oiea.jp\/po\/wp\/wp-content\/uploads\/2025\/12\/12\u67081\u65e5\u3000\uff11-768x576.jpg 768w, https:\/\/oiea.jp\/po\/wp\/wp-content\/uploads\/2025\/12\/12\u67081\u65e5\u3000\uff11.jpg 1477w\" sizes=\"(max-width: 1024px) 100vw, 1024px\" \/><\/figure><\/div>\n\n\n<div class=\"wp-block-vk-blocks-spacer vk_spacer\"><div class=\"vk_spacer-display-pc\" style=\"height:2rem\"><\/div><div class=\"vk_spacer-display-tablet\" style=\"height:2rem\"><\/div><div class=\"vk_spacer-display-mobile\" style=\"height:2rem\"><\/div><\/div>\n\n\n\n<h2 class=\"has-text-align-center is-style-vk-heading-background_fill_lightgray has-background has-large-font-size\" style=\"background-color:#ecbe04a8\">Vagas Abertas para nossas Classes de Japon\u00eas.<\/h2>\n\n\n\n<p class=\"has-text-align-center\">Venha estudar o Idioma Japon\u00eas de uma forma divertida conosco.<\/p>\n\n\n\n<p class=\"has-text-align-center\">Aulas gratuitas organizadas pelo Centro Internacional de Okaya.<\/p>\n\n\n\n<div class=\"wp-block-vk-blocks-spacer vk_spacer\"><div class=\"vk_spacer-display-pc\" style=\"height:2rem\"><\/div><div class=\"vk_spacer-display-tablet\" style=\"height:2rem\"><\/div><div class=\"vk_spacer-display-mobile\" style=\"height:2rem\"><\/div><\/div>\n\n\n\n<p class=\"has-text-align-center has-vivid-red-color has-text-color\"><strong><span data-color=\"#f9c0ce\" style=\"background: linear-gradient(transparent 60%,rgba(249, 192, 206, 0.7) 0);\" class=\"vk_highlighter\"><strong>*<\/strong><\/span><span data-color=\"#f78da7\" style=\"background: linear-gradient(transparent 60%,rgba(247, 141, 167, 0.7) 0);\" class=\"vk_highlighter\">Por ser necess\u00e1rio reserva pr\u00e9via, aos interessados, favor entrar em contato com o Centro Internacional de Okaya.<\/span><\/strong><\/p>\n\n\n\n<div class=\"wp-block-vk-blocks-spacer vk_spacer\"><div class=\"vk_spacer-display-pc\" style=\"height:4rem\"><\/div><div class=\"vk_spacer-display-tablet\" style=\"height:4rem\"><\/div><div class=\"vk_spacer-display-mobile\" style=\"height:4rem\"><\/div><\/div>\n\n\n\n<h2 class=\"has-text-align-center is-style-vk-heading-background_fill_lightgray has-background has-large-font-size\" style=\"background-color:#ecbe04a8\">Agenda de 2025 \u2013 \uff13\u00b0 quadrimestre<\/h2>\n\n\n\n<figure class=\"wp-block-table\"><table><thead><tr><th class=\"has-text-align-center\" data-align=\"center\" scope=\"row\">Classes<\/th><th class=\"has-text-align-center\" data-align=\"center\" scope=\"col\">Datas<\/th><th class=\"has-text-align-center\" data-align=\"center\" scope=\"col\">Hor\u00e1rios<\/th><th class=\"has-text-align-center\" data-align=\"center\" scope=\"col\">Locais<\/th><\/tr><\/thead><tbody><tr><th class=\"has-text-align-center\" data-align=\"center\" scope=\"row\">Japon\u00eas A<br>- Conversa\u00e7\u00e3o Cotidiana -<br>&nbsp;<br>N\u00edvel Iniciante<br>(10 aulas)<\/th><td class=\"has-text-align-center\" data-align=\"center\">Segunda-feira:\u00a0<br><br>12\/\uff18<br>12\/15<br>12\/22<br>1\/19<br>1\/26<\/td><td class=\"has-text-align-center\" data-align=\"center\">&nbsp;&nbsp;&nbsp;&nbsp;19:00-20:30<\/td><td class=\"has-text-align-center\" data-align=\"center\">&nbsp;Centro Cultural ILF Plaza<br>3\u00b0andar<br>Dai Ichi Kenkyushitsu<br>(Sala de Pesquisas N\u00b01)<\/td><\/tr><tr><th class=\"has-text-align-center\" data-align=\"center\" scope=\"row\">Japon\u00eas B<br>- Conversa\u00e7\u00e3o Cotidiana \u2013<br>&nbsp;<br>N\u00edvel Intermedi\u00e1rio e Superior<br>(10 aulas)<\/th><td class=\"has-text-align-center\" data-align=\"center\">Segunda-feira:\u00a0<br><br>12\/\uff18<br>12\/15<br>12\/22<br>1\/19<br>1\/26<\/td><td class=\"has-text-align-center\" data-align=\"center\">&nbsp;&nbsp;&nbsp;&nbsp;19:00-20:30<\/td><td class=\"has-text-align-center\" data-align=\"center\">&nbsp;Centro Cultural ILF Plaza<br>3\u00b0andar<br>Dai Ni Kenkyushitsu<br>(Sala de Pesquisas N\u00b02)<br><\/td><\/tr><\/tbody><\/table><\/figure>\n\n\n\n<p><strong>P\u00fablico Alvo<\/strong>\uff1a\u3000Estrangeiros&nbsp;<br><strong>Tarifas<\/strong>\uff1a\u3000Gratuito\u3000<br>\u3000\u3000\u3000\u3000\u3000(Ser\u00e1 cobrado a parte de 1,500 \u00e0 2,420 ienes pelo material did\u00e1tico.)<br><strong>Inscri\u00e7\u00f5es<\/strong>\uff1a\u3000Centro Internacional de Okaya<\/p>\n\n\n\n<div class=\"wp-block-vk-blocks-spacer vk_spacer\"><div class=\"vk_spacer-display-pc\" style=\"height:4rem\"><\/div><div class=\"vk_spacer-display-tablet\" style=\"height:4rem\"><\/div><div class=\"vk_spacer-display-mobile\" style=\"height:4rem\"><\/div><\/div>\n","protected":false},"excerpt":{"rendered":"<p>\u3000<\/p>\n","protected":false},"author":2,"featured_media":668,"parent":526,"menu_order":1,"comment_status":"closed","ping_status":"closed","template":"","meta":{"_coblocks_attr":"","_coblocks_dimensions":"","_coblocks_responsive_height":"","_coblocks_accordion_ie_support":"","ub_ctt_via":""},"featured_image_src":"https:\/\/oiea.jp\/po\/wp\/wp-content\/uploads\/2022\/07\/\u65e5\u672c\u8a9e\u6559\u5ba4\u3000\u65b0\u5199\u771f-scaled.jpg","_links":{"self":[{"href":"https:\/\/oiea.jp\/po\/wp-json\/wp\/v2\/pages\/27"}],"collection":[{"href":"https:\/\/oiea.jp\/po\/wp-json\/wp\/v2\/pages"}],"about":[{"href":"https:\/\/oiea.jp\/po\/wp-json\/wp\/v2\/types\/page"}],"author":[{"embeddable":true,"href":"https:\/\/oiea.jp\/po\/wp-json\/wp\/v2\/users\/2"}],"replies":[{"embeddable":true,"href":"https:\/\/oiea.jp\/po\/wp-json\/wp\/v2\/comments?post=27"}],"version-history":[{"count":38,"href":"https:\/\/oiea.jp\/po\/wp-json\/wp\/v2\/pages\/27\/revisions"}],"predecessor-version":[{"id":1177,"href":"https:\/\/oiea.jp\/po\/wp-json\/wp\/v2\/pages\/27\/revisions\/1177"}],"up":[{"embeddable":true,"href":"https:\/\/oiea.jp\/po\/wp-json\/wp\/v2\/pages\/526"}],"wp:featuredmedia":[{"embeddable":true,"href":"https:\/\/oiea.jp\/po\/wp-json\/wp\/v2\/media\/668"}],"wp:attachment":[{"href":"https:\/\/oiea.jp\/po\/wp-json\/wp\/v2\/media?parent=27"}],"curies":[{"name":"wp","href":"https:\/\/api.w.org\/{rel}","templated":true}]}}