{"id":15,"date":"2022-03-18T11:49:53","date_gmt":"2022-03-18T02:49:53","guid":{"rendered":"https:\/\/oiea.jp\/po\/wp\/?page_id=15"},"modified":"2025-11-06T14:29:32","modified_gmt":"2025-11-06T05:29:32","slug":"home","status":"publish","type":"page","link":"https:\/\/oiea.jp\/po\/","title":{"rendered":"P\u00e1gina Inicial"},"content":{"rendered":"\n\n\n\n<div class=\"wp-block-cover alignfull is-light\" style=\"min-height:150px\"><span aria-hidden=\"true\" class=\"wp-block-cover__background has-background-dim-80 has-background-dim\" style=\"background-color:#c8a552\"><\/span><div class=\"wp-block-cover__inner-container\">\n<div class=\"wp-block-vk-blocks-spacer vk_spacer\"><div class=\"vk_spacer-display-pc\" style=\"height:30px\"><\/div><div class=\"vk_spacer-display-tablet\" style=\"height:30px\"><\/div><div class=\"vk_spacer-display-mobile\" style=\"height:30px\"><\/div><\/div>\n\n\n\n<p class=\"has-text-align-center has-regular-font-size\" style=\"letter-spacing:2px\"><strong>O Centro Internacional de Okaya est\u00e1 apoiando as atividades de interc\u00e2mbio internacional de v\u00e1rias formas visando atingir tanto moradores locais como todos os estrangeiros que aqui residem oferecendo uma rica sensa\u00e7\u00e3o internacional.<\/strong><\/p>\n\n\n\n<div class=\"wp-block-vk-blocks-spacer vk_spacer\"><div class=\"vk_spacer-display-pc\" style=\"height:30px\"><\/div><div class=\"vk_spacer-display-tablet\" style=\"height:30px\"><\/div><div class=\"vk_spacer-display-mobile\" style=\"height:30px\"><\/div><\/div>\n<\/div><\/div>\n\n\n\n<div class=\"wp-block-cover alignfull is-light\"><span aria-hidden=\"true\" class=\"wp-block-cover__background has-white-background-color has-background-dim-100 has-background-dim\"><\/span><div class=\"wp-block-cover__inner-container\">\n<div class=\"wp-block-vk-blocks-spacer vk_spacer\"><div class=\"vk_spacer-display-pc\" style=\"height:4rem\"><\/div><div class=\"vk_spacer-display-tablet\" style=\"height:4rem\"><\/div><div class=\"vk_spacer-display-mobile\" style=\"height:4rem\"><\/div><\/div>\n\n\n\n<h2 class=\"has-text-align-center\">\u00daltimas Informa\u00e7\u00f5es<\/h2>\n\n\n<ul class=\"wp-block-latest-posts__list has-dates wp-block-latest-posts\"><li><a class=\"wp-block-latest-posts__post-title\" href=\"https:\/\/oiea.jp\/po\/videos-de-orientacao-sobre-a-vida-no-japao%ef%bf%bc\/\">V\u00eddeos de orienta\u00e7\u00e3o sobre a vida no Jap\u00e3o!\ufffc<\/a><time datetime=\"2025-11-27T14:31:57+09:00\" class=\"wp-block-latest-posts__post-date\">11\/27\/2025<\/time><div class=\"wp-block-latest-posts__post-excerpt\">V\u00eddeos de orienta\u00e7\u00e3o multil\u00edngues sobre a vida no Jap\u00e3o [&hellip;]<\/div><\/li>\n<li><a class=\"wp-block-latest-posts__post-title\" href=\"https:\/\/oiea.jp\/po\/terremotos-acontecem%ef%bc%81%ef%bc%81%ef%bf%bc\/\">Terremotos ACONTECEM\uff01\uff01\ufffc<\/a><time datetime=\"2025-10-29T11:42:17+09:00\" class=\"wp-block-latest-posts__post-date\">10\/29\/2025<\/time><div class=\"wp-block-latest-posts__post-excerpt\">Mundialmente, o Jap\u00e3o \u00e9 um pa\u00eds com grande ocorr\u00eancia d [&hellip;]<\/div><\/li>\n<\/ul>\n\n\n<div class=\"wp-block-vk-blocks-spacer vk_spacer\"><div class=\"vk_spacer-display-pc\" style=\"height:2rem\"><\/div><div class=\"vk_spacer-display-tablet\" style=\"height:2rem\"><\/div><div class=\"vk_spacer-display-mobile\" style=\"height:2rem\"><\/div><\/div>\n\n\n\n<div class=\"wp-container-1 is-content-justification-center wp-block-buttons\">\n<div class=\"wp-block-button\"><a class=\"wp-block-button__link has-white-color has-vk-color-primary-dark-background-color has-text-color has-background\" href=\"https:\/\/oiea.jp\/po\/archive\/news\">Ver Tudo<\/a><\/div>\n<\/div>\n\n\n\n<div class=\"wp-block-vk-blocks-spacer vk_spacer\"><div class=\"vk_spacer-display-pc\" style=\"height:4rem\"><\/div><div class=\"vk_spacer-display-tablet\" style=\"height:4rem\"><\/div><div class=\"vk_spacer-display-mobile\" style=\"height:4rem\"><\/div><\/div>\n<\/div><\/div>\n","protected":false},"excerpt":{"rendered":"","protected":false},"author":2,"featured_media":62,"parent":0,"menu_order":1,"comment_status":"closed","ping_status":"closed","template":"_g3\/index-home.php","meta":{"_coblocks_attr":"","_coblocks_dimensions":"","_coblocks_responsive_height":"","_coblocks_accordion_ie_support":"","ub_ctt_via":""},"featured_image_src":"https:\/\/oiea.jp\/po\/wp\/wp-content\/uploads\/2022\/03\/1.jpg","_links":{"self":[{"href":"https:\/\/oiea.jp\/po\/wp-json\/wp\/v2\/pages\/15"}],"collection":[{"href":"https:\/\/oiea.jp\/po\/wp-json\/wp\/v2\/pages"}],"about":[{"href":"https:\/\/oiea.jp\/po\/wp-json\/wp\/v2\/types\/page"}],"author":[{"embeddable":true,"href":"https:\/\/oiea.jp\/po\/wp-json\/wp\/v2\/users\/2"}],"replies":[{"embeddable":true,"href":"https:\/\/oiea.jp\/po\/wp-json\/wp\/v2\/comments?post=15"}],"version-history":[{"count":43,"href":"https:\/\/oiea.jp\/po\/wp-json\/wp\/v2\/pages\/15\/revisions"}],"predecessor-version":[{"id":1169,"href":"https:\/\/oiea.jp\/po\/wp-json\/wp\/v2\/pages\/15\/revisions\/1169"}],"wp:featuredmedia":[{"embeddable":true,"href":"https:\/\/oiea.jp\/po\/wp-json\/wp\/v2\/media\/62"}],"wp:attachment":[{"href":"https:\/\/oiea.jp\/po\/wp-json\/wp\/v2\/media?parent=15"}],"curies":[{"name":"wp","href":"https:\/\/api.w.org\/{rel}","templated":true}]}}